{"id":710,"date":"2025-12-08T20:00:50","date_gmt":"2025-12-08T20:00:50","guid":{"rendered":"https:\/\/medv-design.org\/product\/progold-verfborstel-rond-6080\/"},"modified":"2026-02-07T15:46:30","modified_gmt":"2026-02-07T15:46:30","slug":"progold-verfborstel-rond-6080","status":"publish","type":"product","link":"https:\/\/medv-design.org\/fr\/produit\/progold-verfborstel-rond-6080\/","title":{"rendered":"Pinceau ProGold rond 6080"},"content":{"rendered":"<h3>Description<\/h3>\n<div>Brosse ronde avec un manche en plastique et poils noirs en sanglier, adapt\u00e9e pour un appr\u00eat synth\u00e9tique et des couches de finition.<\/div>\n<h3>Caract\u00e9ristiques principales<\/h3>\n<div>\n<ul>\n<li>Brosse ronde<\/li>\n<li>Poils de sanglier noir<\/li>\n<li>Voor synthetische grond- en aflakken<\/li>\n<li>Taille 8 \u00e0 20<\/li>\n<\/ul>\n<\/div>","protected":false},"excerpt":{"rendered":"<p>Description : Brosse ronde avec un manche en plastique et poils noirs en sanglier, adapt\u00e9e pour un appr\u00eat synth\u00e9tique et des couches de finition. Caract\u00e9ristiques principales : Brosse ronde Poils noirs en cochon Pour appr\u00eat synth\u00e9tique et couche sup\u00e9rieure Taille 8 \u00e0 20<\/p>","protected":false},"featured_media":895,"comment_status":"open","ping_status":"closed","template":"","meta":[],"product_brand":[],"product_cat":[98],"product_tag":[],"class_list":{"0":"post-710","1":"product","2":"type-product","3":"status-publish","4":"has-post-thumbnail","6":"product_cat-schildersbenodigdheden-verfborstels","7":"pa_basis-solventbasis","8":"pa_formaat-526","9":"pa_formaat-442","10":"pa_formaat-443","11":"pa_formaat-444","12":"pa_formaat-445","13":"pa_formaat-446","14":"pa_formaat-471","16":"first","17":"instock","18":"shipping-taxable","19":"purchasable","20":"product-type-variable"},"_links":{"self":[{"href":"https:\/\/medv-design.org\/fr\/wp-json\/wp\/v2\/product\/710","targetHints":{"allow":["GET"]}}],"collection":[{"href":"https:\/\/medv-design.org\/fr\/wp-json\/wp\/v2\/product"}],"about":[{"href":"https:\/\/medv-design.org\/fr\/wp-json\/wp\/v2\/types\/product"}],"replies":[{"embeddable":true,"href":"https:\/\/medv-design.org\/fr\/wp-json\/wp\/v2\/comments?post=710"}],"wp:featuredmedia":[{"embeddable":true,"href":"https:\/\/medv-design.org\/fr\/wp-json\/wp\/v2\/media\/895"}],"wp:attachment":[{"href":"https:\/\/medv-design.org\/fr\/wp-json\/wp\/v2\/media?parent=710"}],"wp:term":[{"taxonomy":"product_brand","embeddable":true,"href":"https:\/\/medv-design.org\/fr\/wp-json\/wp\/v2\/product_brand?post=710"},{"taxonomy":"product_cat","embeddable":true,"href":"https:\/\/medv-design.org\/fr\/wp-json\/wp\/v2\/product_cat?post=710"},{"taxonomy":"product_tag","embeddable":true,"href":"https:\/\/medv-design.org\/fr\/wp-json\/wp\/v2\/product_tag?post=710"}],"curies":[{"name":"wp","href":"https:\/\/api.w.org\/{rel}","templated":true}]}}