{"id":709,"date":"2025-12-08T20:00:49","date_gmt":"2025-12-08T20:00:49","guid":{"rendered":"https:\/\/medv-design.org\/product\/progold-verfborstel-plat-classic-7530\/"},"modified":"2026-02-07T15:46:33","modified_gmt":"2026-02-07T15:46:33","slug":"progold-verfborstel-plat-classic-7530","status":"publish","type":"product","link":"https:\/\/medv-design.org\/fr\/produit\/progold-verfborstel-plat-classic-7530\/","title":{"rendered":"Pinceau Progold Flat Classic 7530"},"content":{"rendered":"<h3>Description <\/h3>\n<p>Brosse plate fabriqu\u00e9e \u00e0 100 % de fibres polyester modifi\u00e9es, adapt\u00e9e \u00e0 l\u2019appr\u00eat et \u00e0 la finition et coloration \u00e0 base d\u2019eau et de synth\u00e9tique.  Cette brosse plate standard avec un manche laqu\u00e9 transparent est fabriqu\u00e9e \u00e0 partir de fibres de polyester 100 % modifi\u00e9es. Ces fibres se caract\u00e9risent par leur tr\u00e8s grande capacit\u00e9 d\u2019absorption et de d\u00e9tachement de peinture, ce qui rend ce pinceau tr\u00e8s adapt\u00e9 au traitement des appr\u00eats synth\u00e9tiques et \u00e0 base d\u2019eau ainsi que pour les syst\u00e8mes de couches sup\u00e9rieures. <\/p>\n<h3><span style=\"font-size: 28px; font-weight: 600; letter-spacing: 0px;\">Caract\u00e9ristiques principales <\/span><\/h3>\n<ul>\n<li>Brosse plate.<\/li>\n<li>Fibres de polyester 100 % modifi\u00e9es.<\/li>\n<li>Pour les peintures \u00e0 base d'eau et de solvant. <\/li>\n<li>Taille 1\u00a0\u00bb \u00e0 3\u00a0\u00bb<\/li>\n<\/ul>","protected":false},"excerpt":{"rendered":"<p>Omschrijving Platte borstel van 100% gemodificeerde polyester vezels, geschikt voor water- en synthetische gedragen grond- en aflakken en beitsen. Deze standaard platte borstel met blankgelakte steel is vervaardigd uit 100% gemodificeerde polyester vezels. Deze vezels worden gekenmerkt door zijn zeer groot verfopname- en afgifte vermogen en maakt deze borstel zeer geschikt voor het verwerken van [&hellip;]<\/p>\n","protected":false},"featured_media":975,"comment_status":"open","ping_status":"closed","template":"","meta":[],"product_brand":[88],"product_cat":[19,98],"product_tag":[],"class_list":{"0":"post-709","1":"product","2":"type-product","3":"status-publish","4":"has-post-thumbnail","6":"product_brand-progold","7":"product_cat-schildersbenodigdheden","8":"product_cat-schildersbenodigdheden-verfborstels","9":"pa_basis-water-en-solventbasis","10":"pa_gebruik-hout-lakwerk","11":"pa_haarsoort-synthetisch","12":"pa_maat-1-5-38-cm","13":"pa_maat-1-25-cm","14":"pa_maat-2-5-63-cm","15":"pa_maat-2-50-cm","16":"pa_maat-3-75-cm","17":"pa_merk-progold","18":"pa_type-borstel-plat","19":"pa_upc-646","21":"first","22":"instock","23":"shipping-taxable","24":"purchasable","25":"product-type-variable"},"_links":{"self":[{"href":"https:\/\/medv-design.org\/fr\/wp-json\/wp\/v2\/product\/709","targetHints":{"allow":["GET"]}}],"collection":[{"href":"https:\/\/medv-design.org\/fr\/wp-json\/wp\/v2\/product"}],"about":[{"href":"https:\/\/medv-design.org\/fr\/wp-json\/wp\/v2\/types\/product"}],"replies":[{"embeddable":true,"href":"https:\/\/medv-design.org\/fr\/wp-json\/wp\/v2\/comments?post=709"}],"wp:featuredmedia":[{"embeddable":true,"href":"https:\/\/medv-design.org\/fr\/wp-json\/wp\/v2\/media\/975"}],"wp:attachment":[{"href":"https:\/\/medv-design.org\/fr\/wp-json\/wp\/v2\/media?parent=709"}],"wp:term":[{"taxonomy":"product_brand","embeddable":true,"href":"https:\/\/medv-design.org\/fr\/wp-json\/wp\/v2\/product_brand?post=709"},{"taxonomy":"product_cat","embeddable":true,"href":"https:\/\/medv-design.org\/fr\/wp-json\/wp\/v2\/product_cat?post=709"},{"taxonomy":"product_tag","embeddable":true,"href":"https:\/\/medv-design.org\/fr\/wp-json\/wp\/v2\/product_tag?post=709"}],"curies":[{"name":"wp","href":"https:\/\/api.w.org\/{rel}","templated":true}]}}