{"id":708,"date":"2025-12-08T20:00:49","date_gmt":"2025-12-08T20:00:49","guid":{"rendered":"https:\/\/medv-design.org\/product\/progold-verfborstel-classic-rond-flex-7320\/"},"modified":"2026-02-07T15:46:36","modified_gmt":"2026-02-07T15:46:36","slug":"progold-verfborstel-classic-rond-flex-7320","status":"publish","type":"product","link":"https:\/\/medv-design.org\/fr\/produit\/progold-verfborstel-classic-rond-flex-7320\/","title":{"rendered":"Pinceau Progold Classic Round Flex 7320"},"content":{"rendered":"<h3>Description<\/h3>\n<p>Le pinceau \u00e0 pointe brevet\u00e9 ProGold Classic Flex (7320) est un pinceau fait main avec un manche laqu\u00e9 transparent et fabriqu\u00e9 \u00e0 partir de fibres 100 % de polyester. Le pinceau contient 2 longueurs de fibres synth\u00e9tiques (noire et violette) qui assurent une application plus douce et un r\u00e9sultat sans stries. Ce pinceau est excellent pour traiter les vernis \u00e0 base d\u2019eau (peinture).<\/p>\n<p><strong><span style=\"font-size: 20px;\">Principales caract\u00e9ristiques<\/span><\/strong><\/p>\n<ul>\n<li>Brosse ronde faite \u00e0 la main<\/li>\n<li>Fibres de polyester<\/li>\n<li>laques (peintures) \u00e0 base d'eau<\/li>\n<li>Maat 10 t\/m 20<\/li>\n<\/ul>","protected":false},"excerpt":{"rendered":"<p>Omschrijving De ProGold patentpuntborstel Classic Flex (7320) is een handgemaakte verfborstel met blank gelakte steel en vervaardigd uit 100% polyestervezels. De verfborstel bevat 2 lengten synthetische vezels (kleuren zwart en paars) die ervoor zorgen dat er een extra softe applicatie en een streeploos resultaat mogelijk is. Deze verfborstel is uitstekend geschikt voor het verwerken van [&hellip;]<\/p>\n","protected":false},"featured_media":907,"comment_status":"open","ping_status":"closed","template":"","meta":[],"product_brand":[88],"product_cat":[19,98],"product_tag":[],"class_list":{"0":"post-708","1":"product","2":"type-product","3":"status-publish","4":"has-post-thumbnail","6":"product_brand-progold","7":"product_cat-schildersbenodigdheden","8":"product_cat-schildersbenodigdheden-verfborstels","9":"pa_basis-waterbasis","10":"pa_gebruik-hout-lakwerk","11":"pa_haarsoort-synthetisch","12":"pa_maat-481","13":"pa_maat-482","14":"pa_maat-483","15":"pa_maat-484","16":"pa_maat-485","17":"pa_maat-486","18":"pa_merk-progold","19":"pa_type-borstel-rond","20":"pa_upc-644","22":"first","23":"instock","24":"shipping-taxable","25":"purchasable","26":"product-type-variable"},"_links":{"self":[{"href":"https:\/\/medv-design.org\/fr\/wp-json\/wp\/v2\/product\/708","targetHints":{"allow":["GET"]}}],"collection":[{"href":"https:\/\/medv-design.org\/fr\/wp-json\/wp\/v2\/product"}],"about":[{"href":"https:\/\/medv-design.org\/fr\/wp-json\/wp\/v2\/types\/product"}],"replies":[{"embeddable":true,"href":"https:\/\/medv-design.org\/fr\/wp-json\/wp\/v2\/comments?post=708"}],"wp:featuredmedia":[{"embeddable":true,"href":"https:\/\/medv-design.org\/fr\/wp-json\/wp\/v2\/media\/907"}],"wp:attachment":[{"href":"https:\/\/medv-design.org\/fr\/wp-json\/wp\/v2\/media?parent=708"}],"wp:term":[{"taxonomy":"product_brand","embeddable":true,"href":"https:\/\/medv-design.org\/fr\/wp-json\/wp\/v2\/product_brand?post=708"},{"taxonomy":"product_cat","embeddable":true,"href":"https:\/\/medv-design.org\/fr\/wp-json\/wp\/v2\/product_cat?post=708"},{"taxonomy":"product_tag","embeddable":true,"href":"https:\/\/medv-design.org\/fr\/wp-json\/wp\/v2\/product_tag?post=708"}],"curies":[{"name":"wp","href":"https:\/\/api.w.org\/{rel}","templated":true}]}}