{"id":707,"date":"2025-12-08T20:00:49","date_gmt":"2025-12-08T20:00:49","guid":{"rendered":"https:\/\/medv-design.org\/product\/progold-topseal-u\/"},"modified":"2026-02-07T15:46:39","modified_gmt":"2026-02-07T15:46:39","slug":"progold-topseal-u","status":"publish","type":"product","link":"https:\/\/medv-design.org\/fr\/produit\/progold-topseal-u\/","title":{"rendered":"Progold Topseal U"},"content":{"rendered":"<p><strong><span style=\"font-size: 20px;\">Description<\/span><br \/><\/strong><br \/>Un scellant universel, \u00e9lastique, \u00e0 peinture, monocomposant bas\u00e9 sur le MS-Polymer, qui caoutchoute sous l\u2019effet de l\u2019humidit\u00e9 de l\u2019air.<\/p>\n<p><strong><span style=\"font-size: 20px;\">But de l'utilisation<\/span><\/strong><\/p>\n<ul>\n<li>Vitrage<\/li>\n<li>\u00c9tanch\u00e9it\u00e9 sup\u00e9rieure dans les syst\u00e8mes de vitrage ventil\u00e9 selon NPR 3577<\/li>\n<li>Adapt\u00e9 au \u00ab scellement du talon \u00bb<\/li>\n<li>\u00c9tanch\u00e9it\u00e9 sup\u00e9rieure dans les syst\u00e8mes de vitrage ferm\u00e9<\/li>\n<li>Connexions d\u2019angle des perles d\u2019\u00e9maillage<\/li>\n<li>Entretien du vitrage<\/li>\n<li>\u00c9tanch\u00e9it\u00e9 des joints<\/li>\n<li>\u00c9tanch\u00e9it\u00e9 des joints de raccordement<\/li>\n<li>Dilatations de fa\u00e7ade d\u2019\u00e9tanch\u00e9it\u00e9<\/li>\n<li>Scellement des dilatations du plancher<\/li>\n<\/ul>\n<p><span style=\"font-size: 20px;\"><strong>Principales caract\u00e9ristiques<\/strong><\/span><\/p>\n<ul>\n<li>\u00c9lastique durable<\/li>\n<li>Tr\u00e8s longue dur\u00e9e de vie<\/li>\n<li>Excellent \u00e0 traiter<\/li>\n<li>Exempt d\u2019isocyanates, de silicones et de solvants<\/li>\n<li>Pratiquement inodore<\/li>\n<li>Tr\u00e8s bonne adh\u00e9rence<\/li>\n<li>Utilis\u00e9 comme scellant pour glacis, il peut \u00eatre recouvert de peintures et de teintures, \u00e0 la fois \u00e0 base de r\u00e9sine alkyde \u00e0 base de solvant et de liant \u00e0 base d\u2019eau<\/li>\n<li>Un composant : pr\u00eat \u00e0 \u00eatre utilis\u00e9 et sans perte de m\u00e9lange<\/li>\n<li>Conforme aux normes K25 et NEN 3566<\/li>\n<li>Conforme \u00e0 la norme ISO 11600, Classe G-25 HM (Classifications et exigences pour la construction de b\u00e2timents pour produits d\u2019\u00e9tanch\u00e9it\u00e9)<\/li>\n<li>Conforme \u00e0 la norme BRL 2801 pour les \u00e9tanch\u00e9s \u00e9lastiques et poss\u00e8de donc le certificat produit KOMO. Le num\u00e9ro de certificat est 33171<\/li>\n<\/ul>","protected":false},"excerpt":{"rendered":"<p>OmschrijvingUniversele, elastische, overschilderbare, \u00e9\u00e9ncomponenten kit op basis van MS-Polymeer die onder invloed van vocht uit de lucht verrubbert. Gebruiksdoel Beglazing Topafdichting in ontluchte beglazingssystemen volgens NPR 3577 Geschikt voor \u2018hielafdichting\u2019 Topafdichting in gesloten beglazingssystemen Hoekaansluitingen van glaslatten Onderhoud aan beglazingen Voegafdichting Afdichten van aansluitvoegen Afdichten van geveldilataties Afdichten van vloerdilataties Voornaamste kenmerken Duurzaam elastisch Zeer [&hellip;]<\/p>\n","protected":false},"featured_media":935,"comment_status":"open","ping_status":"closed","template":"","meta":[],"product_brand":[88],"product_cat":[763,764,105,94,19],"product_tag":[],"class_list":{"0":"post-707","1":"product","2":"type-product","3":"status-publish","4":"has-post-thumbnail","6":"product_brand-progold","7":"product_cat-763","8":"product_cat-764","9":"product_cat-schildersbenodigdheden-kitten-lijmen","10":"product_cat-schildersbenodigdheden-plamuur-vulmiddelen","11":"product_cat-schildersbenodigdheden","12":"pa_binnen-buiten-binnen","13":"pa_inhoud-310-ml","14":"pa_kleur-bruin","15":"pa_kleur-grijs","16":"pa_kleur-wit","17":"pa_kleur-zwart","18":"pa_merk-progold","19":"pa_overschilderbaar-ja","20":"pa_toepassing-afdichten","21":"pa_type-product-kit","22":"pa_upc-637","24":"first","25":"instock","26":"shipping-taxable","27":"product-type-variable"},"_links":{"self":[{"href":"https:\/\/medv-design.org\/fr\/wp-json\/wp\/v2\/product\/707","targetHints":{"allow":["GET"]}}],"collection":[{"href":"https:\/\/medv-design.org\/fr\/wp-json\/wp\/v2\/product"}],"about":[{"href":"https:\/\/medv-design.org\/fr\/wp-json\/wp\/v2\/types\/product"}],"replies":[{"embeddable":true,"href":"https:\/\/medv-design.org\/fr\/wp-json\/wp\/v2\/comments?post=707"}],"wp:featuredmedia":[{"embeddable":true,"href":"https:\/\/medv-design.org\/fr\/wp-json\/wp\/v2\/media\/935"}],"wp:attachment":[{"href":"https:\/\/medv-design.org\/fr\/wp-json\/wp\/v2\/media?parent=707"}],"wp:term":[{"taxonomy":"product_brand","embeddable":true,"href":"https:\/\/medv-design.org\/fr\/wp-json\/wp\/v2\/product_brand?post=707"},{"taxonomy":"product_cat","embeddable":true,"href":"https:\/\/medv-design.org\/fr\/wp-json\/wp\/v2\/product_cat?post=707"},{"taxonomy":"product_tag","embeddable":true,"href":"https:\/\/medv-design.org\/fr\/wp-json\/wp\/v2\/product_tag?post=707"}],"curies":[{"name":"wp","href":"https:\/\/api.w.org\/{rel}","templated":true}]}}