{"id":706,"date":"2025-12-08T20:00:49","date_gmt":"2025-12-08T20:00:49","guid":{"rendered":"https:\/\/medv-design.org\/product\/progold-tape-extra-sterk\/"},"modified":"2026-02-07T15:46:42","modified_gmt":"2026-02-07T15:46:42","slug":"progold-tape-extra-sterk","status":"publish","type":"product","link":"https:\/\/medv-design.org\/fr\/produit\/progold-tape-extra-sterk\/","title":{"rendered":"Ruban ProGold Extra R\u00e9sistant"},"content":{"rendered":"<h1><span style=\"font-size: 20px;\">Description<\/span><\/h1>\n<p>     Ruban Washi renforc\u00e9 suppl\u00e9mentaire pour les situations exigeantes. Solide et r\u00e9sistante aux d\u00e9chirures<\/p>\n<ul>\n<li>Ruban extr\u00eamement fin et flexible fabriqu\u00e9 en papier Washi sp\u00e9cial extra r\u00e9sistant<\/li>\n<li>La peinture ne coule pas sous le ruban<\/li>\n<li>Bords de peinture tranchants sur surfaces lisses et l\u00e9g\u00e8rement rugueuses<\/li>\n<li>Stable et r\u00e9sistant aux d\u00e9chirures<\/li>\n<li>Jusqu\u2019\u00e0 5 mois r\u00e9sistants aux UV<\/li>\n<\/ul>","protected":false},"excerpt":{"rendered":"<p>Description : Ruban Washi renforc\u00e9 suppl\u00e9mentaire pour des situations exigeantes. Ruban solide et r\u00e9sistant aux d\u00e9chirures Ruban ultra-fin et souple en papier sp\u00e9cial extra r\u00e9sistant Washi La peinture ne coule pas sous le ruban Bords de peinture tranchants sur surfaces lisses et l\u00e9g\u00e8rement rugueuses Stable et r\u00e9sistant aux d\u00e9chirures Jusqu\u2019\u00e0 5 mois r\u00e9sistant aux UV<\/p>","protected":false},"featured_media":967,"comment_status":"open","ping_status":"closed","template":"","meta":[],"product_brand":[88],"product_cat":[93,19],"product_tag":[],"class_list":{"0":"post-706","1":"product","2":"type-product","3":"status-publish","4":"has-post-thumbnail","6":"product_brand-progold","7":"product_cat-schildersbenodigdheden-masking-tape","8":"product_cat-schildersbenodigdheden","9":"pa_eigenschappen-washi","10":"pa_maat-24-mm","11":"pa_maat-36-mm","12":"pa_merk-progold","13":"pa_upc-592","15":"first","16":"outofstock","17":"shipping-taxable","18":"purchasable","19":"product-type-variable"},"_links":{"self":[{"href":"https:\/\/medv-design.org\/fr\/wp-json\/wp\/v2\/product\/706","targetHints":{"allow":["GET"]}}],"collection":[{"href":"https:\/\/medv-design.org\/fr\/wp-json\/wp\/v2\/product"}],"about":[{"href":"https:\/\/medv-design.org\/fr\/wp-json\/wp\/v2\/types\/product"}],"replies":[{"embeddable":true,"href":"https:\/\/medv-design.org\/fr\/wp-json\/wp\/v2\/comments?post=706"}],"wp:featuredmedia":[{"embeddable":true,"href":"https:\/\/medv-design.org\/fr\/wp-json\/wp\/v2\/media\/967"}],"wp:attachment":[{"href":"https:\/\/medv-design.org\/fr\/wp-json\/wp\/v2\/media?parent=706"}],"wp:term":[{"taxonomy":"product_brand","embeddable":true,"href":"https:\/\/medv-design.org\/fr\/wp-json\/wp\/v2\/product_brand?post=706"},{"taxonomy":"product_cat","embeddable":true,"href":"https:\/\/medv-design.org\/fr\/wp-json\/wp\/v2\/product_cat?post=706"},{"taxonomy":"product_tag","embeddable":true,"href":"https:\/\/medv-design.org\/fr\/wp-json\/wp\/v2\/product_tag?post=706"}],"curies":[{"name":"wp","href":"https:\/\/api.w.org\/{rel}","templated":true}]}}