{"id":705,"date":"2025-12-08T20:00:49","date_gmt":"2025-12-08T20:00:49","guid":{"rendered":"https:\/\/medv-design.org\/product\/progold-tape-dubbelzijdig-35mm-x-25-m\/"},"modified":"2026-02-07T15:46:45","modified_gmt":"2026-02-07T15:46:45","slug":"progold-tape-dubbelzijdig-35mm-x-25-m","status":"publish","type":"product","link":"https:\/\/medv-design.org\/fr\/produit\/progold-tape-dubbelzijdig-35mm-x-25-m\/","title":{"rendered":"Progold Tape Double face 35mm x 25 m"},"content":{"rendered":"<p><strong><\/strong><\/p>\n<p><span style=\"font-size: 20px;\"><\/span><strong><span style=\"font-size: 20px;\"><\/span><\/strong><strong><span style=\"font-size: 20px;\">Description<\/p>\n<p><\/span><\/strong><strong><span style=\"font-size: 20px;\"><\/p>\n<p>Ruban adh\u00e9sif double face en aluminium PVC flexible avec une bande sans adh\u00e9rence sur le dessus du ruban     <\/p>\n<p><\/span><\/strong><\/p>\n<ul>\n<li>Pour appliquer le mat\u00e9riau de couverture et cr\u00e9er des lignes nettes sur les murs, les sols, les fen\u00eatres, les rebords de fen\u00eatres, les portes, etc.<\/li>\n<li>Attention avec les substrats en PVC alt\u00e9r\u00e9s<\/li>\n<\/ul>","protected":false},"excerpt":{"rendered":"<p>Description Ruban adh\u00e9sif double face \u00e0 partir d\u2019une feuille d\u2019aluminium PVC flexible avec une bande non adh\u00e9sive sur le dessus du ruban Pour appliquer le mat\u00e9riau de couverture et cr\u00e9er des lignes nettes sur les murs, sols, fen\u00eatres, rebords de fen\u00eatres, portes, etc. Attention avec les substrats en PVC alt\u00e9r\u00e9s<\/p>","protected":false},"featured_media":843,"comment_status":"open","ping_status":"closed","template":"","meta":[],"product_brand":[88],"product_cat":[93,19],"product_tag":[],"class_list":{"0":"post-705","1":"product","2":"type-product","3":"status-publish","4":"has-post-thumbnail","6":"product_brand-progold","7":"product_cat-schildersbenodigdheden-masking-tape","8":"product_cat-schildersbenodigdheden","9":"pa_eigenschappen-dubbelzijdig","10":"pa_merk-progold","11":"pa_upc-592","13":"first","14":"instock","15":"shipping-taxable","16":"purchasable","17":"product-type-simple"},"_links":{"self":[{"href":"https:\/\/medv-design.org\/fr\/wp-json\/wp\/v2\/product\/705","targetHints":{"allow":["GET"]}}],"collection":[{"href":"https:\/\/medv-design.org\/fr\/wp-json\/wp\/v2\/product"}],"about":[{"href":"https:\/\/medv-design.org\/fr\/wp-json\/wp\/v2\/types\/product"}],"replies":[{"embeddable":true,"href":"https:\/\/medv-design.org\/fr\/wp-json\/wp\/v2\/comments?post=705"}],"wp:featuredmedia":[{"embeddable":true,"href":"https:\/\/medv-design.org\/fr\/wp-json\/wp\/v2\/media\/843"}],"wp:attachment":[{"href":"https:\/\/medv-design.org\/fr\/wp-json\/wp\/v2\/media?parent=705"}],"wp:term":[{"taxonomy":"product_brand","embeddable":true,"href":"https:\/\/medv-design.org\/fr\/wp-json\/wp\/v2\/product_brand?post=705"},{"taxonomy":"product_cat","embeddable":true,"href":"https:\/\/medv-design.org\/fr\/wp-json\/wp\/v2\/product_cat?post=705"},{"taxonomy":"product_tag","embeddable":true,"href":"https:\/\/medv-design.org\/fr\/wp-json\/wp\/v2\/product_tag?post=705"}],"curies":[{"name":"wp","href":"https:\/\/api.w.org\/{rel}","templated":true}]}}