{"id":704,"date":"2025-12-08T20:00:49","date_gmt":"2025-12-08T20:00:49","guid":{"rendered":"https:\/\/medv-design.org\/product\/progold-synthetische-thinner\/"},"modified":"2026-02-07T15:46:47","modified_gmt":"2026-02-07T15:46:47","slug":"progold-synthetische-thinner","status":"publish","type":"product","link":"https:\/\/medv-design.org\/fr\/produit\/progold-synthetische-thinner\/","title":{"rendered":"Diluant synth\u00e9tique Progold"},"content":{"rendered":"<h3>But de l'utilisation<\/h3>\n<ul>\n<li>Dilution des peintures nitro synth\u00e9tiques<\/li>\n<li>Dissolution, nettoyage et dilution des produits goudronneux<\/li>\n<li>Nettoyage des pinceaux et des pistolets de peinture<\/li>\n<li>D\u00e9graissage du bois nu<\/li>\n<\/ul>","protected":false},"excerpt":{"rendered":"<p>Objectif d\u2019utilisation Dilution des peintures nitrosynth\u00e9tiques Dissolution, nettoyage et dilution des produits goudronn\u00e9s Nettoyage des pinceaux et pistolets pulv\u00e9risateurs D\u00e9graissage du bois nu<\/p>","protected":false},"featured_media":978,"comment_status":"open","ping_status":"closed","template":"","meta":[],"product_brand":[88],"product_cat":[107,100,19],"product_tag":[],"class_list":{"0":"post-704","1":"product","2":"type-product","3":"status-publish","4":"has-post-thumbnail","6":"product_brand-progold","7":"product_cat-schildersbenodigdheden-overige-producten","8":"product_cat-schildersbenodigdheden-reiniging-en-verdunning","9":"product_cat-schildersbenodigdheden","10":"pa_inhoud-1l","11":"pa_inhoud-5l","12":"pa_merk-progold","13":"pa_upc-620","15":"first","16":"instock","17":"shipping-taxable","18":"purchasable","19":"product-type-variable"},"_links":{"self":[{"href":"https:\/\/medv-design.org\/fr\/wp-json\/wp\/v2\/product\/704","targetHints":{"allow":["GET"]}}],"collection":[{"href":"https:\/\/medv-design.org\/fr\/wp-json\/wp\/v2\/product"}],"about":[{"href":"https:\/\/medv-design.org\/fr\/wp-json\/wp\/v2\/types\/product"}],"replies":[{"embeddable":true,"href":"https:\/\/medv-design.org\/fr\/wp-json\/wp\/v2\/comments?post=704"}],"wp:featuredmedia":[{"embeddable":true,"href":"https:\/\/medv-design.org\/fr\/wp-json\/wp\/v2\/media\/978"}],"wp:attachment":[{"href":"https:\/\/medv-design.org\/fr\/wp-json\/wp\/v2\/media?parent=704"}],"wp:term":[{"taxonomy":"product_brand","embeddable":true,"href":"https:\/\/medv-design.org\/fr\/wp-json\/wp\/v2\/product_brand?post=704"},{"taxonomy":"product_cat","embeddable":true,"href":"https:\/\/medv-design.org\/fr\/wp-json\/wp\/v2\/product_cat?post=704"},{"taxonomy":"product_tag","embeddable":true,"href":"https:\/\/medv-design.org\/fr\/wp-json\/wp\/v2\/product_tag?post=704"}],"curies":[{"name":"wp","href":"https:\/\/api.w.org\/{rel}","templated":true}]}}