{"id":703,"date":"2025-12-08T20:00:49","date_gmt":"2025-12-08T20:00:49","guid":{"rendered":"https:\/\/medv-design.org\/product\/progold-strook-exclusive-81-x-133-50st\/"},"modified":"2026-02-07T15:46:50","modified_gmt":"2026-02-07T15:46:50","slug":"progold-strook-exclusive-81-x-133-50st","status":"publish","type":"product","link":"https:\/\/medv-design.org\/fr\/produit\/progold-strook-exclusive-81-x-133-50st\/","title":{"rendered":"Progold Strip Exclusive 81 x 133 50 pi\u00e8ces"},"content":{"rendered":"<p><strong><\/strong><strong><span style=\"font-size: 20px;\">Description<\/span><\/strong><\/p>\n<p>     Bandes de pon\u00e7age rectangulaires avec un grain d\u2019oxyde d\u2019aluminium. <\/p>\n<ul>\n<li>Taille 81 x 133 mm<\/li>\n<li>Grenaille d'oxyde d'aluminium<\/li>\n<li>60% d'\u00e9pandage ouvert (&gt;P120 toujours \u00e9pandage ferm\u00e9)<\/li>\n<li>Emballez 50 feuilles par bo\u00eete<\/li>\n<\/ul>","protected":false},"excerpt":{"rendered":"<p>Description : Bandes de pon\u00e7age rectangulaires avec un grain d\u2019oxyde d\u2019aluminium. Dimensions : 81 x 133 mm Granule d\u2019oxyde d\u2019aluminium 60 % diffusion ouverte (&gt;P120 diffusion toujours ferm\u00e9e) Emballage : 50 feuilles par bo\u00eete<\/p>","protected":false},"featured_media":953,"comment_status":"open","ping_status":"closed","template":"","meta":[],"product_brand":[88],"product_cat":[19,110],"product_tag":[],"class_list":{"0":"post-703","1":"product","2":"type-product","3":"status-publish","4":"has-post-thumbnail","6":"product_brand-progold","7":"product_cat-schildersbenodigdheden","8":"product_cat-schildersbenodigdheden-schuurmateriaal","9":"pa_korrel-p100","10":"pa_korrel-p120","11":"pa_korrel-p150","12":"pa_korrel-p180","13":"pa_korrel-p220","14":"pa_korrel-p240","15":"pa_korrel-p80","16":"pa_merk-progold","17":"pa_upc-592","19":"first","20":"instock","21":"shipping-taxable","22":"purchasable","23":"product-type-variable"},"_links":{"self":[{"href":"https:\/\/medv-design.org\/fr\/wp-json\/wp\/v2\/product\/703","targetHints":{"allow":["GET"]}}],"collection":[{"href":"https:\/\/medv-design.org\/fr\/wp-json\/wp\/v2\/product"}],"about":[{"href":"https:\/\/medv-design.org\/fr\/wp-json\/wp\/v2\/types\/product"}],"replies":[{"embeddable":true,"href":"https:\/\/medv-design.org\/fr\/wp-json\/wp\/v2\/comments?post=703"}],"wp:featuredmedia":[{"embeddable":true,"href":"https:\/\/medv-design.org\/fr\/wp-json\/wp\/v2\/media\/953"}],"wp:attachment":[{"href":"https:\/\/medv-design.org\/fr\/wp-json\/wp\/v2\/media?parent=703"}],"wp:term":[{"taxonomy":"product_brand","embeddable":true,"href":"https:\/\/medv-design.org\/fr\/wp-json\/wp\/v2\/product_brand?post=703"},{"taxonomy":"product_cat","embeddable":true,"href":"https:\/\/medv-design.org\/fr\/wp-json\/wp\/v2\/product_cat?post=703"},{"taxonomy":"product_tag","embeddable":true,"href":"https:\/\/medv-design.org\/fr\/wp-json\/wp\/v2\/product_tag?post=703"}],"curies":[{"name":"wp","href":"https:\/\/api.w.org\/{rel}","templated":true}]}}