{"id":702,"date":"2025-12-08T20:00:48","date_gmt":"2025-12-08T20:00:48","guid":{"rendered":"https:\/\/medv-design.org\/product\/progold-stoffer-halve-maan\/"},"modified":"2026-02-07T15:46:54","modified_gmt":"2026-02-07T15:46:54","slug":"progold-stoffer-halve-maan","status":"publish","type":"product","link":"https:\/\/medv-design.org\/fr\/produit\/progold-stoffer-halve-maan\/","title":{"rendered":"Progold Duster Crescent"},"content":{"rendered":"<h3>Description<\/h3>\n<p>Une pelle \u00e0 poussi\u00e8re de taille pratique pour enlever la poussi\u00e8re des murs, des cadres, des portes,....<\/p>\n<h3>Caract\u00e9ristiques principales<\/h3>\n<ul>\n<li>M\u00e9lange de poils de porc et de poils synth\u00e9tiques<\/li>\n<li>Un d\u00e9ploiement tr\u00e8s complet<\/li>\n<\/ul>","protected":false},"excerpt":{"rendered":"<p>Description Pelle \u00e0 poussi\u00e8re de taille pratique pour enlever la poussi\u00e8re des murs, des cadres, des portes,.... Principales propri\u00e9t\u00e9s M\u00e9lange de poils de porc et synth\u00e9tiques Tr\u00e8s pleinement d\u00e9ploy\u00e9<\/p>","protected":false},"featured_media":972,"comment_status":"open","ping_status":"closed","template":"","meta":[],"product_brand":[88],"product_cat":[107,100,19],"product_tag":[],"class_list":{"0":"post-702","1":"product","2":"type-product","3":"status-publish","4":"has-post-thumbnail","6":"product_brand-progold","7":"product_cat-schildersbenodigdheden-overige-producten","8":"product_cat-schildersbenodigdheden-reiniging-en-verdunning","9":"product_cat-schildersbenodigdheden","10":"pa_merk-progold","11":"pa_upc-639","13":"first","14":"instock","15":"shipping-taxable","16":"purchasable","17":"product-type-simple"},"_links":{"self":[{"href":"https:\/\/medv-design.org\/fr\/wp-json\/wp\/v2\/product\/702","targetHints":{"allow":["GET"]}}],"collection":[{"href":"https:\/\/medv-design.org\/fr\/wp-json\/wp\/v2\/product"}],"about":[{"href":"https:\/\/medv-design.org\/fr\/wp-json\/wp\/v2\/types\/product"}],"replies":[{"embeddable":true,"href":"https:\/\/medv-design.org\/fr\/wp-json\/wp\/v2\/comments?post=702"}],"wp:featuredmedia":[{"embeddable":true,"href":"https:\/\/medv-design.org\/fr\/wp-json\/wp\/v2\/media\/972"}],"wp:attachment":[{"href":"https:\/\/medv-design.org\/fr\/wp-json\/wp\/v2\/media?parent=702"}],"wp:term":[{"taxonomy":"product_brand","embeddable":true,"href":"https:\/\/medv-design.org\/fr\/wp-json\/wp\/v2\/product_brand?post=702"},{"taxonomy":"product_cat","embeddable":true,"href":"https:\/\/medv-design.org\/fr\/wp-json\/wp\/v2\/product_cat?post=702"},{"taxonomy":"product_tag","embeddable":true,"href":"https:\/\/medv-design.org\/fr\/wp-json\/wp\/v2\/product_tag?post=702"}],"curies":[{"name":"wp","href":"https:\/\/api.w.org\/{rel}","templated":true}]}}