{"id":701,"date":"2025-12-08T20:00:48","date_gmt":"2025-12-08T20:00:48","guid":{"rendered":"https:\/\/medv-design.org\/product\/progold-steek-plamuurmes-duits\/"},"modified":"2026-02-07T15:46:56","modified_gmt":"2026-02-07T15:46:56","slug":"progold-steek-plamuurmes-duits","status":"publish","type":"product","link":"https:\/\/medv-design.org\/fr\/produit\/progold-steek-plamuurmes-duits\/","title":{"rendered":"Progold Couteau \u00e0 poignard\/Filler Allemand"},"content":{"rendered":"<h3>Description<\/h3>\n<p>Le ProGold Pike Knife German poss\u00e8de une lame en acier tremp\u00e9, courbable, aff\u00fbt\u00e9e et polie. Manche en bois de h\u00eatre. Outil id\u00e9al pour combler les in\u00e9galit\u00e9s du bois et des murs.<\/p>","protected":false},"excerpt":{"rendered":"<p>Description Le couteau allemand ProGold poss\u00e8de une lame en acier tremp\u00e9e, aff\u00fbt\u00e9e et polie de mani\u00e8re flexible. Avec un manche en bois de h\u00eatre. Outil id\u00e9al pour combler les irr\u00e9gularit\u00e9s dans le bois et les murs.<\/p>","protected":false},"featured_media":957,"comment_status":"open","ping_status":"closed","template":"","meta":[],"product_brand":[88],"product_cat":[111,19,113],"product_tag":[],"class_list":{"0":"post-701","1":"product","2":"type-product","3":"status-publish","4":"has-post-thumbnail","6":"product_brand-progold","7":"product_cat-schildersbenodigdheden-plamuurmessen","8":"product_cat-schildersbenodigdheden","9":"product_cat-schildersbenodigdheden-steekmessen-en-verfkrabbers","10":"pa_formaat-10-cm","11":"pa_formaat-12-cm","12":"pa_formaat-14-cm","13":"pa_formaat-2-cm","14":"pa_formaat-4-cm","15":"pa_formaat-6-cm","16":"pa_formaat-8-cm","17":"pa_merk-progold","18":"pa_upc-616","20":"first","21":"instock","22":"shipping-taxable","23":"purchasable","24":"product-type-variable"},"_links":{"self":[{"href":"https:\/\/medv-design.org\/fr\/wp-json\/wp\/v2\/product\/701","targetHints":{"allow":["GET"]}}],"collection":[{"href":"https:\/\/medv-design.org\/fr\/wp-json\/wp\/v2\/product"}],"about":[{"href":"https:\/\/medv-design.org\/fr\/wp-json\/wp\/v2\/types\/product"}],"replies":[{"embeddable":true,"href":"https:\/\/medv-design.org\/fr\/wp-json\/wp\/v2\/comments?post=701"}],"wp:featuredmedia":[{"embeddable":true,"href":"https:\/\/medv-design.org\/fr\/wp-json\/wp\/v2\/media\/957"}],"wp:attachment":[{"href":"https:\/\/medv-design.org\/fr\/wp-json\/wp\/v2\/media?parent=701"}],"wp:term":[{"taxonomy":"product_brand","embeddable":true,"href":"https:\/\/medv-design.org\/fr\/wp-json\/wp\/v2\/product_brand?post=701"},{"taxonomy":"product_cat","embeddable":true,"href":"https:\/\/medv-design.org\/fr\/wp-json\/wp\/v2\/product_cat?post=701"},{"taxonomy":"product_tag","embeddable":true,"href":"https:\/\/medv-design.org\/fr\/wp-json\/wp\/v2\/product_tag?post=701"}],"curies":[{"name":"wp","href":"https:\/\/api.w.org\/{rel}","templated":true}]}}