{"id":700,"date":"2025-12-08T20:00:48","date_gmt":"2025-12-08T20:00:48","guid":{"rendered":"https:\/\/medv-design.org\/product\/progold-spuitpleistermes\/"},"modified":"2026-02-07T15:46:59","modified_gmt":"2026-02-07T15:46:59","slug":"progold-spuitpleistermes","status":"publish","type":"product","link":"https:\/\/medv-design.org\/fr\/produit\/progold-spuitpleistermes\/","title":{"rendered":"Couteau en pl\u00e2tre ProGold"},"content":{"rendered":"<h1><span style=\"font-size: 20px;\">Description<\/span><\/h1>\n<div>     Pour lisser les surfaces pl\u00e2tr\u00e9es.     <\/div>\n<div>\n<ul>\n<li>Acier inoxydable<\/li>\n<li>Poign\u00e9e en contreplaqu\u00e9<\/li>\n<li>Tailles 25, 40 et 60 cm<\/li>\n<\/ul><\/div>","protected":false},"excerpt":{"rendered":"<p>Description Pour lisser les surfaces pl\u00e2tr\u00e9es. Poign\u00e9e en contreplaqu\u00e9 en acier inoxydable tailles 25, 40 et 60 cm<\/p>","protected":false},"featured_media":1008,"comment_status":"open","ping_status":"closed","template":"","meta":[],"product_brand":[88],"product_cat":[111,19],"product_tag":[],"class_list":{"0":"post-700","1":"product","2":"type-product","3":"status-publish","4":"has-post-thumbnail","6":"product_brand-progold","7":"product_cat-schildersbenodigdheden-plamuurmessen","8":"product_cat-schildersbenodigdheden","9":"pa_maat-25-cm","10":"pa_maat-40-cm","11":"pa_maat-60-cm","12":"pa_merk-progold","13":"pa_upc-592","15":"first","16":"instock","17":"shipping-taxable","18":"purchasable","19":"product-type-variable"},"_links":{"self":[{"href":"https:\/\/medv-design.org\/fr\/wp-json\/wp\/v2\/product\/700","targetHints":{"allow":["GET"]}}],"collection":[{"href":"https:\/\/medv-design.org\/fr\/wp-json\/wp\/v2\/product"}],"about":[{"href":"https:\/\/medv-design.org\/fr\/wp-json\/wp\/v2\/types\/product"}],"replies":[{"embeddable":true,"href":"https:\/\/medv-design.org\/fr\/wp-json\/wp\/v2\/comments?post=700"}],"wp:featuredmedia":[{"embeddable":true,"href":"https:\/\/medv-design.org\/fr\/wp-json\/wp\/v2\/media\/1008"}],"wp:attachment":[{"href":"https:\/\/medv-design.org\/fr\/wp-json\/wp\/v2\/media?parent=700"}],"wp:term":[{"taxonomy":"product_brand","embeddable":true,"href":"https:\/\/medv-design.org\/fr\/wp-json\/wp\/v2\/product_brand?post=700"},{"taxonomy":"product_cat","embeddable":true,"href":"https:\/\/medv-design.org\/fr\/wp-json\/wp\/v2\/product_cat?post=700"},{"taxonomy":"product_tag","embeddable":true,"href":"https:\/\/medv-design.org\/fr\/wp-json\/wp\/v2\/product_tag?post=700"}],"curies":[{"name":"wp","href":"https:\/\/api.w.org\/{rel}","templated":true}]}}