{"id":699,"date":"2025-12-08T20:00:48","date_gmt":"2025-12-08T20:00:48","guid":{"rendered":"https:\/\/medv-design.org\/product\/progold-softpad\/"},"modified":"2026-02-07T15:47:03","modified_gmt":"2026-02-07T15:47:03","slug":"progold-softpad","status":"publish","type":"product","link":"https:\/\/medv-design.org\/fr\/produit\/progold-softpad\/","title":{"rendered":"Progold Softpad"},"content":{"rendered":"<h3>Description<\/h3>\n<p>Le softpad ProGold de 115 x 140 mm est un plateau de pon\u00e7age en mousse souple avec un grain d'oxyde d'aluminium. Il est disponible en diff\u00e9rentes granulom\u00e9tries et peut \u00eatre utilis\u00e9 de mani\u00e8re universelle pour le pon\u00e7age \u00e0 la main. Gr\u00e2ce au mat\u00e9riau souple, les patins souples sont maniables et les ar\u00eates vives sont moins susceptibles d'\u00eatre ponc\u00e9es.<\/p>\n<h3>Principales caract\u00e9ristiques<\/h3>\n<ul>\n<li>Dimensions 140 x 115 mm<\/li>\n<li>Grenaille d'oxyde d'aluminium<\/li>\n<\/ul>","protected":false},"excerpt":{"rendered":"<p>Omschrijving De ProGold softpad met een afmeting van 115 x 140 mm is een schuurpad van soft foam met een aluminium oxide korrel. De softpad is in diverse korrelgroftes verkrijgbaar en is universeel toepasbaar voor het handschuren. Door het zachte materiaal zijn de softpads handzaam en worden scherpe kanten minder snel doorgeschuurd. Voornaamste kenmerken Afmeting [&hellip;]<\/p>\n","protected":false},"featured_media":840,"comment_status":"open","ping_status":"closed","template":"","meta":[],"product_brand":[88],"product_cat":[19,110],"product_tag":[],"class_list":{"0":"post-699","1":"product","2":"type-product","3":"status-publish","4":"has-post-thumbnail","6":"product_brand-progold","7":"product_cat-schildersbenodigdheden","8":"product_cat-schildersbenodigdheden-schuurmateriaal","9":"pa_korrel-p100","10":"pa_korrel-p120","11":"pa_korrel-p150","12":"pa_korrel-p180","13":"pa_korrel-p220","14":"pa_korrel-p80","15":"pa_merk-progold","17":"first","18":"instock","19":"shipping-taxable","20":"purchasable","21":"product-type-variable"},"_links":{"self":[{"href":"https:\/\/medv-design.org\/fr\/wp-json\/wp\/v2\/product\/699","targetHints":{"allow":["GET"]}}],"collection":[{"href":"https:\/\/medv-design.org\/fr\/wp-json\/wp\/v2\/product"}],"about":[{"href":"https:\/\/medv-design.org\/fr\/wp-json\/wp\/v2\/types\/product"}],"replies":[{"embeddable":true,"href":"https:\/\/medv-design.org\/fr\/wp-json\/wp\/v2\/comments?post=699"}],"wp:featuredmedia":[{"embeddable":true,"href":"https:\/\/medv-design.org\/fr\/wp-json\/wp\/v2\/media\/840"}],"wp:attachment":[{"href":"https:\/\/medv-design.org\/fr\/wp-json\/wp\/v2\/media?parent=699"}],"wp:term":[{"taxonomy":"product_brand","embeddable":true,"href":"https:\/\/medv-design.org\/fr\/wp-json\/wp\/v2\/product_brand?post=699"},{"taxonomy":"product_cat","embeddable":true,"href":"https:\/\/medv-design.org\/fr\/wp-json\/wp\/v2\/product_cat?post=699"},{"taxonomy":"product_tag","embeddable":true,"href":"https:\/\/medv-design.org\/fr\/wp-json\/wp\/v2\/product_tag?post=699"}],"curies":[{"name":"wp","href":"https:\/\/api.w.org\/{rel}","templated":true}]}}