{"id":698,"date":"2025-12-08T20:00:48","date_gmt":"2025-12-08T20:00:48","guid":{"rendered":"https:\/\/medv-design.org\/product\/progold-siliconenkit\/"},"modified":"2026-02-07T15:47:06","modified_gmt":"2026-02-07T15:47:06","slug":"progold-siliconenkit","status":"publish","type":"product","link":"https:\/\/medv-design.org\/fr\/produit\/progold-siliconenkit\/","title":{"rendered":"Progold Silicone sealant"},"content":{"rendered":"<p><strong><span style=\"font-size: 20px;\">Description<br \/><\/span><\/strong><br \/>\u00c9lastique, neutre, un seul composant pour joints \u00e0 base de r\u00e9sines silicon\u00e9es qui se vulcanisent sous l\u2019influence de l\u2019humidit\u00e9 de l\u2019air.<\/p>\n<p><strong><span style=\"font-size: 20px;\">But de l'utilisation<\/span><\/strong><\/p>\n<ul>\n<li>Jonctions de raccordement pour lavabos, plans de travail, bacs de douche et baignoires.<\/li>\n<li>Zones industrielles o\u00f9 la formation de moisissure n\u2019est pas souhait\u00e9e.<\/li>\n<li>\u00c9tanch\u00e9it\u00e9 \u00e9lastique durable des joints de dilatation en b\u00e9ton et en ma\u00e7onnerie.<\/li>\n<\/ul>\n<p><span style=\"font-size: 20px;\"><strong>Principales caract\u00e9ristiques<\/strong><\/span><\/p>\n<ul>\n<li>Tr\u00e8s bonne adh\u00e9rence \u00e0 divers substrats, m\u00eame avec une exposition prolong\u00e9e \u00e0 l\u2019eau.<\/li>\n<li>Tr\u00e8s \u00e9lastique.<\/li>\n<li>R\u00e9sistants \u00e0 divers produits chimiques.<\/li>\n<li>Forme une liaison chimique sur de nombreuses surfaces.<\/li>\n<li>Un seul composant, donc imm\u00e9diatement pr\u00eat \u00e0 \u00eatre utilis\u00e9.<\/li>\n<li>Tr\u00e8s r\u00e9sistante aux UV, \u00e0 l\u2019eau et aux conditions m\u00e9t\u00e9orologiques.<\/li>\n<li>Application int\u00e9rieure et ext\u00e9rieure.<\/li>\n<\/ul>","protected":false},"excerpt":{"rendered":"<p>OmschrijvingElastische, neutrale, \u00e9\u00e9ncomponent voegkit op basis van siliconenharsen die onder invloed van vocht uit de lucht vulkaniseert. Gebruiksdoel Aansluitvoegen bij wastafels, aanrechtbladen, douchebakken en baden. Industri\u00eble ruimten waar schimmelvorming niet gewenst is. Duurzaam elastisch afdichten van dilatatievoegen in beton en metselwerk. Voornaamste kenmerken Zeer goede hechting op diverse ondergronden, ook bij langdurige inwerking van water. [&hellip;]<\/p>\n","protected":false},"featured_media":999,"comment_status":"open","ping_status":"closed","template":"","meta":[],"product_brand":[88],"product_cat":[763,764,94,19],"product_tag":[],"class_list":{"0":"post-698","1":"product","2":"type-product","3":"status-publish","4":"has-post-thumbnail","6":"product_brand-progold","7":"product_cat-763","8":"product_cat-764","9":"product_cat-schildersbenodigdheden-plamuur-vulmiddelen","10":"product_cat-schildersbenodigdheden","11":"pa_kleur-transparant","12":"pa_kleur-wit","13":"pa_merk-progold","14":"pa_upc-632","16":"first","17":"instock","18":"shipping-taxable","19":"purchasable","20":"product-type-variable"},"_links":{"self":[{"href":"https:\/\/medv-design.org\/fr\/wp-json\/wp\/v2\/product\/698","targetHints":{"allow":["GET"]}}],"collection":[{"href":"https:\/\/medv-design.org\/fr\/wp-json\/wp\/v2\/product"}],"about":[{"href":"https:\/\/medv-design.org\/fr\/wp-json\/wp\/v2\/types\/product"}],"replies":[{"embeddable":true,"href":"https:\/\/medv-design.org\/fr\/wp-json\/wp\/v2\/comments?post=698"}],"wp:featuredmedia":[{"embeddable":true,"href":"https:\/\/medv-design.org\/fr\/wp-json\/wp\/v2\/media\/999"}],"wp:attachment":[{"href":"https:\/\/medv-design.org\/fr\/wp-json\/wp\/v2\/media?parent=698"}],"wp:term":[{"taxonomy":"product_brand","embeddable":true,"href":"https:\/\/medv-design.org\/fr\/wp-json\/wp\/v2\/product_brand?post=698"},{"taxonomy":"product_cat","embeddable":true,"href":"https:\/\/medv-design.org\/fr\/wp-json\/wp\/v2\/product_cat?post=698"},{"taxonomy":"product_tag","embeddable":true,"href":"https:\/\/medv-design.org\/fr\/wp-json\/wp\/v2\/product_tag?post=698"}],"curies":[{"name":"wp","href":"https:\/\/api.w.org\/{rel}","templated":true}]}}