{"id":697,"date":"2025-12-08T20:00:48","date_gmt":"2025-12-08T20:00:48","guid":{"rendered":"https:\/\/medv-design.org\/product\/progold-schuurvel-exclusive-230-x-280-mm\/"},"modified":"2026-02-07T15:47:09","modified_gmt":"2026-02-07T15:47:09","slug":"progold-schuurvel-exclusive-230-x-280-mm","status":"publish","type":"product","link":"https:\/\/medv-design.org\/fr\/produit\/progold-schuurvel-exclusive-230-x-280-mm\/","title":{"rendered":"Feuille de pon\u00e7age Progold Exclusive 230 x 280 mm"},"content":{"rendered":"<h3>Description<\/h3>\n<p>Feuilles abrasives rectangulaires munies d'un grain d'oxyde d'aluminium.<\/p>\n<h3>Principales caract\u00e9ristiques<\/h3>\n<ul>\n<li>Dimensions 230 X 280 mm<\/li>\n<li>Grenaille d'oxyde d'aluminium<\/li>\n<li>60% d'\u00e9pandage ouvert (&gt;P120 toujours \u00e9pandage ferm\u00e9)<\/li>\n<li>Emballage : par feuille<\/li>\n<\/ul>","protected":false},"excerpt":{"rendered":"<p>Description : Plaques de pon\u00e7age rectangulaires avec un grain d\u2019oxyde d\u2019aluminium. Caract\u00e9ristiques principales : Dimensions 230 x 280 mm Obturation d\u2019oxyde d\u2019aluminium 60 % d\u2019\u00e9talage \u00e0 ciel ouvert (&gt;P120 \u00e9talement toujours ferm\u00e9) Emballage : Par feuille<\/p>","protected":false},"featured_media":984,"comment_status":"open","ping_status":"closed","template":"","meta":[],"product_brand":[88],"product_cat":[19,110],"product_tag":[],"class_list":{"0":"post-697","1":"product","2":"type-product","3":"status-publish","4":"has-post-thumbnail","6":"product_brand-progold","7":"product_cat-schildersbenodigdheden","8":"product_cat-schildersbenodigdheden-schuurmateriaal","9":"pa_korrel-p100","10":"pa_korrel-p120","11":"pa_korrel-p150","12":"pa_korrel-p180","13":"pa_korrel-p220","14":"pa_korrel-p240","15":"pa_korrel-p80","16":"pa_merk-progold","17":"pa_upc-652","19":"first","20":"instock","21":"shipping-taxable","22":"purchasable","23":"product-type-variable"},"_links":{"self":[{"href":"https:\/\/medv-design.org\/fr\/wp-json\/wp\/v2\/product\/697","targetHints":{"allow":["GET"]}}],"collection":[{"href":"https:\/\/medv-design.org\/fr\/wp-json\/wp\/v2\/product"}],"about":[{"href":"https:\/\/medv-design.org\/fr\/wp-json\/wp\/v2\/types\/product"}],"replies":[{"embeddable":true,"href":"https:\/\/medv-design.org\/fr\/wp-json\/wp\/v2\/comments?post=697"}],"wp:featuredmedia":[{"embeddable":true,"href":"https:\/\/medv-design.org\/fr\/wp-json\/wp\/v2\/media\/984"}],"wp:attachment":[{"href":"https:\/\/medv-design.org\/fr\/wp-json\/wp\/v2\/media?parent=697"}],"wp:term":[{"taxonomy":"product_brand","embeddable":true,"href":"https:\/\/medv-design.org\/fr\/wp-json\/wp\/v2\/product_brand?post=697"},{"taxonomy":"product_cat","embeddable":true,"href":"https:\/\/medv-design.org\/fr\/wp-json\/wp\/v2\/product_cat?post=697"},{"taxonomy":"product_tag","embeddable":true,"href":"https:\/\/medv-design.org\/fr\/wp-json\/wp\/v2\/product_tag?post=697"}],"curies":[{"name":"wp","href":"https:\/\/api.w.org\/{rel}","templated":true}]}}