{"id":693,"date":"2025-12-08T20:00:47","date_gmt":"2025-12-08T20:00:47","guid":{"rendered":"https:\/\/medv-design.org\/product\/progold-reservemes-glasreiniger-smal\/"},"modified":"2026-02-07T15:47:21","modified_gmt":"2026-02-07T15:47:21","slug":"progold-reservemes-glasreiniger-smal","status":"publish","type":"product","link":"https:\/\/medv-design.org\/fr\/produit\/progold-reservemes-glasreiniger-smal\/","title":{"rendered":"ProGold Nettoyant pour vitres \u00e0 lame de rechange \u00e9troit"},"content":{"rendered":"<p><span style=\"font-size: 20px;\"><strong>Description<\/strong><\/span><\/p>\n<div>     Lame de rechange pour le ProGold Glass Cleaner Narrow Pour nettoyer les fen\u00eatres ou enlever les r\u00e9sidus de mastic, de p\u00e2te ou de peinture     <\/div>\n<div>\n<ul>\n<li>Compress\u00e9 par 2 x 5 lames<\/li>\n<\/ul><\/div>","protected":false},"excerpt":{"rendered":"<p>Description Lame de rechange pour le ProGold Glass Cleaner \u00c9troite Pour nettoyer les fen\u00eatres ou enlever les r\u00e9sidus de mastic, de mastic ou de peinture Compact\u00e9e par lames 2 x 5<\/p>","protected":false},"featured_media":982,"comment_status":"open","ping_status":"closed","template":"","meta":[],"product_brand":[88],"product_cat":[19,113],"product_tag":[],"class_list":{"0":"post-693","1":"product","2":"type-product","3":"status-publish","4":"has-post-thumbnail","6":"product_brand-progold","7":"product_cat-schildersbenodigdheden","8":"product_cat-schildersbenodigdheden-steekmessen-en-verfkrabbers","9":"pa_merk-progold","10":"pa_upc-592","12":"first","13":"instock","14":"shipping-taxable","15":"purchasable","16":"product-type-simple"},"_links":{"self":[{"href":"https:\/\/medv-design.org\/fr\/wp-json\/wp\/v2\/product\/693","targetHints":{"allow":["GET"]}}],"collection":[{"href":"https:\/\/medv-design.org\/fr\/wp-json\/wp\/v2\/product"}],"about":[{"href":"https:\/\/medv-design.org\/fr\/wp-json\/wp\/v2\/types\/product"}],"replies":[{"embeddable":true,"href":"https:\/\/medv-design.org\/fr\/wp-json\/wp\/v2\/comments?post=693"}],"wp:featuredmedia":[{"embeddable":true,"href":"https:\/\/medv-design.org\/fr\/wp-json\/wp\/v2\/media\/982"}],"wp:attachment":[{"href":"https:\/\/medv-design.org\/fr\/wp-json\/wp\/v2\/media?parent=693"}],"wp:term":[{"taxonomy":"product_brand","embeddable":true,"href":"https:\/\/medv-design.org\/fr\/wp-json\/wp\/v2\/product_brand?post=693"},{"taxonomy":"product_cat","embeddable":true,"href":"https:\/\/medv-design.org\/fr\/wp-json\/wp\/v2\/product_cat?post=693"},{"taxonomy":"product_tag","embeddable":true,"href":"https:\/\/medv-design.org\/fr\/wp-json\/wp\/v2\/product_tag?post=693"}],"curies":[{"name":"wp","href":"https:\/\/api.w.org\/{rel}","templated":true}]}}