{"id":692,"date":"2025-12-08T20:00:46","date_gmt":"2025-12-08T20:00:46","guid":{"rendered":"https:\/\/medv-design.org\/product\/progold-reservemes-glasreiniger-breed-5st\/"},"modified":"2026-02-07T15:47:24","modified_gmt":"2026-02-07T15:47:24","slug":"progold-reservemes-glasreiniger-breed-5st","status":"publish","type":"product","link":"https:\/\/medv-design.org\/fr\/produit\/progold-reservemes-glasreiniger-breed-5st\/","title":{"rendered":"ProGold Nettoyage pour vitres \u00e0 lame de rechange large 5 pi\u00e8ces"},"content":{"rendered":"<h1><span style=\"font-size: 20px;\">Description<\/span><\/h1>\n<div>     Lame de rechange pour le nettoyant \u00e0 verre ProGold Wide. Pour nettoyer les fen\u00eatres ou enlever les r\u00e9sidus de mastic, de masticage ou de peinture     <\/div>\n<div>\n<ul>\n<li>Compact\u00e9 par 5 pales<\/li>\n<\/ul><\/div>","protected":false},"excerpt":{"rendered":"<p>Description : Lame de rechange pour le nettoyant \u00e0 verre ProGold Wide. Pour nettoyer les fen\u00eatres ou enlever les r\u00e9sidus de mastic, de mastic ou de peinture, tass\u00e9 par 5 lames<\/p>","protected":false},"featured_media":897,"comment_status":"open","ping_status":"closed","template":"","meta":[],"product_brand":[88],"product_cat":[19,113],"product_tag":[],"class_list":{"0":"post-692","1":"product","2":"type-product","3":"status-publish","4":"has-post-thumbnail","6":"product_brand-progold","7":"product_cat-schildersbenodigdheden","8":"product_cat-schildersbenodigdheden-steekmessen-en-verfkrabbers","9":"pa_merk-progold","10":"pa_upc-592","12":"first","13":"instock","14":"shipping-taxable","15":"purchasable","16":"product-type-simple"},"_links":{"self":[{"href":"https:\/\/medv-design.org\/fr\/wp-json\/wp\/v2\/product\/692","targetHints":{"allow":["GET"]}}],"collection":[{"href":"https:\/\/medv-design.org\/fr\/wp-json\/wp\/v2\/product"}],"about":[{"href":"https:\/\/medv-design.org\/fr\/wp-json\/wp\/v2\/types\/product"}],"replies":[{"embeddable":true,"href":"https:\/\/medv-design.org\/fr\/wp-json\/wp\/v2\/comments?post=692"}],"wp:featuredmedia":[{"embeddable":true,"href":"https:\/\/medv-design.org\/fr\/wp-json\/wp\/v2\/media\/897"}],"wp:attachment":[{"href":"https:\/\/medv-design.org\/fr\/wp-json\/wp\/v2\/media?parent=692"}],"wp:term":[{"taxonomy":"product_brand","embeddable":true,"href":"https:\/\/medv-design.org\/fr\/wp-json\/wp\/v2\/product_brand?post=692"},{"taxonomy":"product_cat","embeddable":true,"href":"https:\/\/medv-design.org\/fr\/wp-json\/wp\/v2\/product_cat?post=692"},{"taxonomy":"product_tag","embeddable":true,"href":"https:\/\/medv-design.org\/fr\/wp-json\/wp\/v2\/product_tag?post=692"}],"curies":[{"name":"wp","href":"https:\/\/api.w.org\/{rel}","templated":true}]}}