{"id":690,"date":"2025-12-08T20:00:46","date_gmt":"2025-12-08T20:00:46","guid":{"rendered":"https:\/\/medv-design.org\/product\/progold-radiatorborstel-6350\/"},"modified":"2026-02-07T15:47:35","modified_gmt":"2026-02-07T15:47:35","slug":"progold-radiatorborstel-6350","status":"publish","type":"product","link":"https:\/\/medv-design.org\/fr\/produit\/progold-radiatorborstel-6350\/","title":{"rendered":"Balai de radiateur Progold 6350"},"content":{"rendered":"<h3>Description<\/h3>\n<p>Brosse \u00e0 radiateur en soie de porc blanche, adapt\u00e9e aux peintures murales.<\/p>\n<h3>Principales caract\u00e9ristiques<\/h3>\n<ul>\n<li>Brosse \u00e0 radiateur.<\/li>\n<li>Soie de porc blanche.<\/li>\n<li>Convient aux peintures murales.<\/li>\n<li>Taille 1\u00a0\u00bb \u00e0 3\u00a0\u00bb<\/li>\n<\/ul>","protected":false},"excerpt":{"rendered":"<p>Description Brosse radiatrice avec poils de sanglier blancs, adapt\u00e9e \u00e0 la peinture murale. Caract\u00e9ristiques principales : brosse de radiateur. Poils de sanglier blanc. Adapt\u00e9 aux peintures murales. Taille 1\u00a0\u00bb \u00e0 3\u00a0\u00bb<\/p>","protected":false},"featured_media":1004,"comment_status":"open","ping_status":"closed","template":"","meta":[],"product_brand":[88],"product_cat":[19,98],"product_tag":[],"class_list":{"0":"post-690","1":"product","2":"type-product","3":"status-publish","4":"has-post-thumbnail","6":"product_brand-progold","7":"product_cat-schildersbenodigdheden","8":"product_cat-schildersbenodigdheden-verfborstels","9":"pa_basis-waterbasis","10":"pa_gebruik-muren-plafonds","11":"pa_haarsoort-natuurlijke-haren","12":"pa_maat-15-38-cm","13":"pa_maat-1-25-cm","14":"pa_maat-25-63-cm","15":"pa_maat-2-50-cm","16":"pa_maat-3-75-cm","17":"pa_merk-progold","18":"pa_type-borstel-radiator","19":"pa_upc-608","21":"first","22":"instock","23":"shipping-taxable","24":"purchasable","25":"product-type-variable"},"_links":{"self":[{"href":"https:\/\/medv-design.org\/fr\/wp-json\/wp\/v2\/product\/690","targetHints":{"allow":["GET"]}}],"collection":[{"href":"https:\/\/medv-design.org\/fr\/wp-json\/wp\/v2\/product"}],"about":[{"href":"https:\/\/medv-design.org\/fr\/wp-json\/wp\/v2\/types\/product"}],"replies":[{"embeddable":true,"href":"https:\/\/medv-design.org\/fr\/wp-json\/wp\/v2\/comments?post=690"}],"wp:featuredmedia":[{"embeddable":true,"href":"https:\/\/medv-design.org\/fr\/wp-json\/wp\/v2\/media\/1004"}],"wp:attachment":[{"href":"https:\/\/medv-design.org\/fr\/wp-json\/wp\/v2\/media?parent=690"}],"wp:term":[{"taxonomy":"product_brand","embeddable":true,"href":"https:\/\/medv-design.org\/fr\/wp-json\/wp\/v2\/product_brand?post=690"},{"taxonomy":"product_cat","embeddable":true,"href":"https:\/\/medv-design.org\/fr\/wp-json\/wp\/v2\/product_cat?post=690"},{"taxonomy":"product_tag","embeddable":true,"href":"https:\/\/medv-design.org\/fr\/wp-json\/wp\/v2\/product_tag?post=690"}],"curies":[{"name":"wp","href":"https:\/\/api.w.org\/{rel}","templated":true}]}}