{"id":689,"date":"2025-12-08T20:00:45","date_gmt":"2025-12-08T20:00:45","guid":{"rendered":"https:\/\/medv-design.org\/product\/progold-pvc-masking-tape-wit-55-mm-x-33-m\/"},"modified":"2026-02-07T15:47:38","modified_gmt":"2026-02-07T15:47:38","slug":"progold-pvc-masking-tape-wit-55-mm-x-33-m","status":"publish","type":"product","link":"https:\/\/medv-design.org\/fr\/produit\/progold-pvc-masking-tape-wit-55-mm-x-33-m\/","title":{"rendered":"Ruban de masque ProGold en PVC blanc 55 mm x 33 m"},"content":{"rendered":"<h1><span style=\"font-size: 20px;\">Description<\/span><\/h1>\n<p>     Ruban de masquage en PVC lisse fabriqu\u00e9 \u00e0 partir d\u2019une feuille de PVC solide et flexible<\/p>\n<ul>\n<li>Tr\u00e8s stable en dimension m\u00eame avec des diff\u00e9rences de temp\u00e9rature plus \u00e9lev\u00e9es et plus faibles<\/li>\n<li>Facile \u00e0 d\u00e9rouler<\/li>\n<li>Facile \u00e0 enlever et sans r\u00e9sidus d\u2019adh\u00e9sif (max 6 semaines)<\/li>\n<li>Adapt\u00e9 pour coller le carton de couverture<\/li>\n<\/ul>","protected":false},"excerpt":{"rendered":"<p>Description Ruban de masquage en PVC lisse \u00e0 partir d\u2019un film PVC solide et flexible Tr\u00e8s stable dimensionnellement m\u00eame \u00e0 des diff\u00e9rences de temp\u00e9rature plus \u00e9lev\u00e9es et plus basses Facile \u00e0 d\u00e9rouler Facile \u00e0 enlever et sans r\u00e9sidus adh\u00e9sifs (max 6 semaines) Adapt\u00e9 pour coller le carton de couverture<\/p>","protected":false},"featured_media":831,"comment_status":"open","ping_status":"closed","template":"","meta":[],"product_brand":[88],"product_cat":[93,19],"product_tag":[],"class_list":{"0":"post-689","1":"product","2":"type-product","3":"status-publish","4":"has-post-thumbnail","6":"product_brand-progold","7":"product_cat-schildersbenodigdheden-masking-tape","8":"product_cat-schildersbenodigdheden","9":"pa_eigenschappen-pvc","10":"pa_merk-progold","11":"pa_upc-592","13":"first","14":"instock","15":"shipping-taxable","16":"purchasable","17":"product-type-simple"},"_links":{"self":[{"href":"https:\/\/medv-design.org\/fr\/wp-json\/wp\/v2\/product\/689","targetHints":{"allow":["GET"]}}],"collection":[{"href":"https:\/\/medv-design.org\/fr\/wp-json\/wp\/v2\/product"}],"about":[{"href":"https:\/\/medv-design.org\/fr\/wp-json\/wp\/v2\/types\/product"}],"replies":[{"embeddable":true,"href":"https:\/\/medv-design.org\/fr\/wp-json\/wp\/v2\/comments?post=689"}],"wp:featuredmedia":[{"embeddable":true,"href":"https:\/\/medv-design.org\/fr\/wp-json\/wp\/v2\/media\/831"}],"wp:attachment":[{"href":"https:\/\/medv-design.org\/fr\/wp-json\/wp\/v2\/media?parent=689"}],"wp:term":[{"taxonomy":"product_brand","embeddable":true,"href":"https:\/\/medv-design.org\/fr\/wp-json\/wp\/v2\/product_brand?post=689"},{"taxonomy":"product_cat","embeddable":true,"href":"https:\/\/medv-design.org\/fr\/wp-json\/wp\/v2\/product_cat?post=689"},{"taxonomy":"product_tag","embeddable":true,"href":"https:\/\/medv-design.org\/fr\/wp-json\/wp\/v2\/product_tag?post=689"}],"curies":[{"name":"wp","href":"https:\/\/api.w.org\/{rel}","templated":true}]}}