{"id":688,"date":"2025-12-08T20:00:42","date_gmt":"2025-12-08T20:00:42","guid":{"rendered":"https:\/\/medv-design.org\/product\/progold-puntkwast-red-7110-exclusive\/"},"modified":"2026-02-07T15:47:40","modified_gmt":"2026-02-07T15:47:40","slug":"progold-puntkwast-red-7110-exclusive","status":"publish","type":"product","link":"https:\/\/medv-design.org\/fr\/produit\/progold-puntkwast-red-7110-exclusive\/","title":{"rendered":"ProGold Pointe Brush RED 7110 Exclusif"},"content":{"rendered":"<h1><span style=\"font-size: 20px;\">Description<\/span><\/h1>\n<div>     Pinceau pointu fabriqu\u00e9 en fibres de polyester modifi\u00e9es, adapt\u00e9 aux vernis \u00e0 base de solvants (peinture).     <\/div>\n<div>\n<ul>\n<li>Pinceau rond<\/li>\n<li>gemodificeerde polystervezels<\/li>\n<li>solvent gedragen (verven) lakken<\/li>\n<li>Tailles 12, 14 &amp; 16<\/li>\n<\/ul><\/div>","protected":false},"excerpt":{"rendered":"<p>Description : Pinceau pointu fabriqu\u00e9 en fibres de polyester modifi\u00e9es, adapt\u00e9 aux vernis \u00e0 base de solvants (peinture). Pinceaux ronds en polyester modifi\u00e9s \u00e0 base de vernis \u00e0 base de solvant (peintures) tailles 12, 14 et 16<\/p>","protected":false},"featured_media":959,"comment_status":"open","ping_status":"closed","template":"","meta":[],"product_brand":[88],"product_cat":[19,98],"product_tag":[],"class_list":{"0":"post-688","1":"product","2":"type-product","3":"status-publish","4":"has-post-thumbnail","6":"product_brand-progold","7":"product_cat-schildersbenodigdheden","8":"product_cat-schildersbenodigdheden-verfborstels","9":"pa_basis-solventbasis","10":"pa_gebruik-hout-lakwerk","11":"pa_haarsoort-synthetisch","12":"pa_maat-482","13":"pa_maat-483","14":"pa_maat-484","15":"pa_merk-progold","16":"pa_type-borstel-punt","17":"pa_upc-592","19":"first","20":"instock","21":"shipping-taxable","22":"purchasable","23":"product-type-variable"},"_links":{"self":[{"href":"https:\/\/medv-design.org\/fr\/wp-json\/wp\/v2\/product\/688","targetHints":{"allow":["GET"]}}],"collection":[{"href":"https:\/\/medv-design.org\/fr\/wp-json\/wp\/v2\/product"}],"about":[{"href":"https:\/\/medv-design.org\/fr\/wp-json\/wp\/v2\/types\/product"}],"replies":[{"embeddable":true,"href":"https:\/\/medv-design.org\/fr\/wp-json\/wp\/v2\/comments?post=688"}],"wp:featuredmedia":[{"embeddable":true,"href":"https:\/\/medv-design.org\/fr\/wp-json\/wp\/v2\/media\/959"}],"wp:attachment":[{"href":"https:\/\/medv-design.org\/fr\/wp-json\/wp\/v2\/media?parent=688"}],"wp:term":[{"taxonomy":"product_brand","embeddable":true,"href":"https:\/\/medv-design.org\/fr\/wp-json\/wp\/v2\/product_brand?post=688"},{"taxonomy":"product_cat","embeddable":true,"href":"https:\/\/medv-design.org\/fr\/wp-json\/wp\/v2\/product_cat?post=688"},{"taxonomy":"product_tag","embeddable":true,"href":"https:\/\/medv-design.org\/fr\/wp-json\/wp\/v2\/product_tag?post=688"}],"curies":[{"name":"wp","href":"https:\/\/api.w.org\/{rel}","templated":true}]}}