{"id":687,"date":"2025-12-08T20:00:42","date_gmt":"2025-12-08T20:00:42","guid":{"rendered":"https:\/\/medv-design.org\/product\/progold-protectiefolie\/"},"modified":"2026-02-07T15:47:43","modified_gmt":"2026-02-07T15:47:43","slug":"progold-protectiefolie","status":"publish","type":"product","link":"https:\/\/medv-design.org\/fr\/produit\/progold-protectiefolie\/","title":{"rendered":"ProGold Protection Film"},"content":{"rendered":"<h1><span style=\"font-size: 20px;\">Description<\/span><\/h1>\n<p>     Film PE autocollant transparent pour une protection \u00e0 long terme des substrats non poreux.<\/p>\n<ul>\n<li>Film d\u2019EP fort<\/li>\n<li>Autoadh\u00e9sif et transparent<\/li>\n<li>Pour la protection \u00e0 long terme des substrats non poreux<\/li>\n<li>Rapide et facile \u00e0 appliquer sur le verre, les carreaux et les escaliers<\/li>\n<li>Pour l'int\u00e9rieur et l'ext\u00e9rieur<\/li>\n<li>Roulis de 500 mm x 100 m<\/li>\n<\/ul>","protected":false},"excerpt":{"rendered":"<p>Description Film PE autocollant transparent pour la protection \u00e0 long terme des substrats non poreux. Film PE solide Autoadh\u00e9sif et transparent Pour prot\u00e9ger les surfaces non poreuses pendant plus longtemps, appliqu\u00e9 rapidement et facilement sur le verre, les carreaux et les escaliers Pour usage int\u00e9rieur et ext\u00e9rieur Rouleau de 500 mm x 100 m<\/p>","protected":false},"featured_media":1012,"comment_status":"open","ping_status":"closed","template":"","meta":[],"product_brand":[88],"product_cat":[108,19],"product_tag":[],"class_list":{"0":"post-687","1":"product","2":"type-product","3":"status-publish","4":"has-post-thumbnail","6":"product_brand-progold","7":"product_cat-schildersbenodigdheden-afdekmateriaal","8":"product_cat-schildersbenodigdheden","9":"pa_merk-progold","10":"pa_upc-592","12":"first","13":"instock","14":"shipping-taxable","15":"purchasable","16":"product-type-simple"},"_links":{"self":[{"href":"https:\/\/medv-design.org\/fr\/wp-json\/wp\/v2\/product\/687","targetHints":{"allow":["GET"]}}],"collection":[{"href":"https:\/\/medv-design.org\/fr\/wp-json\/wp\/v2\/product"}],"about":[{"href":"https:\/\/medv-design.org\/fr\/wp-json\/wp\/v2\/types\/product"}],"replies":[{"embeddable":true,"href":"https:\/\/medv-design.org\/fr\/wp-json\/wp\/v2\/comments?post=687"}],"wp:featuredmedia":[{"embeddable":true,"href":"https:\/\/medv-design.org\/fr\/wp-json\/wp\/v2\/media\/1012"}],"wp:attachment":[{"href":"https:\/\/medv-design.org\/fr\/wp-json\/wp\/v2\/media?parent=687"}],"wp:term":[{"taxonomy":"product_brand","embeddable":true,"href":"https:\/\/medv-design.org\/fr\/wp-json\/wp\/v2\/product_brand?post=687"},{"taxonomy":"product_cat","embeddable":true,"href":"https:\/\/medv-design.org\/fr\/wp-json\/wp\/v2\/product_cat?post=687"},{"taxonomy":"product_tag","embeddable":true,"href":"https:\/\/medv-design.org\/fr\/wp-json\/wp\/v2\/product_tag?post=687"}],"curies":[{"name":"wp","href":"https:\/\/api.w.org\/{rel}","templated":true}]}}