{"id":686,"date":"2025-12-08T20:00:42","date_gmt":"2025-12-08T20:00:42","guid":{"rendered":"https:\/\/medv-design.org\/product\/progold-proflor-verfrol\/"},"modified":"2026-02-07T15:47:46","modified_gmt":"2026-02-07T15:47:46","slug":"progold-proflor-verfrol","status":"publish","type":"product","link":"https:\/\/medv-design.org\/fr\/produit\/progold-proflor-verfrol\/","title":{"rendered":"Rouleau de peinture Progold Proflor"},"content":{"rendered":"<p><span style=\"font-size: 20px;\"><strong>Description<br \/><\/strong><\/span><\/p>\n<p><strong><\/strong><span style=\"font-size: 14px;\">Ce rouleau \u00e0 peinture murale est tiss\u00e9 en fourrure \u00e0 100 % de polyamide et est sans peluches. La fourrure sp\u00e9ciale assure une absorption et une lib\u00e9ration optimales de la teinture et touche tous les endroits sur les surfaces in\u00e9gales et rugueuses gr\u00e2ce \u00e0 ses longues fibres. Tr\u00e8s adapt\u00e9 pour appliquer de la peinture murale \u00e0 l\u2019ext\u00e9rieur.  Une version avec noyau flexible est recommand\u00e9e pour les surfaces tr\u00e8s rugueuses.<\/span><strong><br \/><\/strong><\/p>\n<p><strong><span style=\"font-size: 20px;\">Principales caract\u00e9ristiques<\/span><br \/><\/strong><\/p>\n<ul>\n<li>Rouleau de peinture murale avec couche tiss\u00e9e en 100% polyamide, convenant \u00e0 toutes les peintures murales.     <\/li>\n<\/ul>\n<ul>\n<li>Rouleau de peinture murale<\/li>\n<li>Manteau tiss\u00e9 en 100% polyamide et non pelucheux<\/li>\n<li>\u00c9galement disponible avec un noyau flexible<\/li>\n<li>Tr\u00e8s grande capacit\u00e9 d'absorption et d'\u00e9limination de la peinture<\/li>\n<li>Convient \u00e0 toutes les peintures murales<\/li>\n<li>Taille 18 cm et 25 cm avec noyau dur et 18 cm avec noyau flexible.<\/li>\n<\/ul>","protected":false},"excerpt":{"rendered":"<p>Omschrijving Deze muurverfrol heeft een geweven vacht van 100 % polyamide en is pluisvrij. De speciale vacht zorgt voor een optimale verfopname en afgifte en raakt met zijn lange vezels alle plekken bij oneffen- en ruwe ondergronden. Zeer geschikt voor het aanbrengen van muurverf buiten. Uitvoering met flexibele kern wordt geadviseerd voor zeer ruwe ondergronden. [&hellip;]<\/p>\n","protected":false},"featured_media":851,"comment_status":"open","ping_status":"closed","template":"","meta":[],"product_brand":[88],"product_cat":[19,97],"product_tag":[],"class_list":{"0":"post-686","1":"product","2":"type-product","3":"status-publish","4":"has-post-thumbnail","6":"product_brand-progold","7":"product_cat-schildersbenodigdheden","8":"product_cat-schildersbenodigdheden-verfrollen-en-beugels","9":"pa_basis-waterbasis","10":"pa_breedte-18-cm-flex-2","11":"pa_breedte-18-cm-hard-2","12":"pa_breedte-25-cm-hard-2","13":"pa_merk-progold","14":"pa_ondergrond-oneffen","15":"pa_type-roller-muurverfroller","16":"pa_upc-623","17":"pa_vachtlengte-18-mm","18":"pa_vachtsoort-polyamide","20":"first","21":"instock","22":"shipping-taxable","23":"purchasable","24":"product-type-variable"},"_links":{"self":[{"href":"https:\/\/medv-design.org\/fr\/wp-json\/wp\/v2\/product\/686","targetHints":{"allow":["GET"]}}],"collection":[{"href":"https:\/\/medv-design.org\/fr\/wp-json\/wp\/v2\/product"}],"about":[{"href":"https:\/\/medv-design.org\/fr\/wp-json\/wp\/v2\/types\/product"}],"replies":[{"embeddable":true,"href":"https:\/\/medv-design.org\/fr\/wp-json\/wp\/v2\/comments?post=686"}],"wp:featuredmedia":[{"embeddable":true,"href":"https:\/\/medv-design.org\/fr\/wp-json\/wp\/v2\/media\/851"}],"wp:attachment":[{"href":"https:\/\/medv-design.org\/fr\/wp-json\/wp\/v2\/media?parent=686"}],"wp:term":[{"taxonomy":"product_brand","embeddable":true,"href":"https:\/\/medv-design.org\/fr\/wp-json\/wp\/v2\/product_brand?post=686"},{"taxonomy":"product_cat","embeddable":true,"href":"https:\/\/medv-design.org\/fr\/wp-json\/wp\/v2\/product_cat?post=686"},{"taxonomy":"product_tag","embeddable":true,"href":"https:\/\/medv-design.org\/fr\/wp-json\/wp\/v2\/product_tag?post=686"}],"curies":[{"name":"wp","href":"https:\/\/api.w.org\/{rel}","templated":true}]}}