{"id":685,"date":"2025-12-08T20:00:42","date_gmt":"2025-12-08T20:00:42","guid":{"rendered":"https:\/\/medv-design.org\/product\/progold-professioneel-beugel-softgrip\/"},"modified":"2026-02-07T15:47:49","modified_gmt":"2026-02-07T15:47:49","slug":"progold-professioneel-beugel-softgrip","status":"publish","type":"product","link":"https:\/\/medv-design.org\/fr\/produit\/progold-professioneel-beugel-softgrip\/","title":{"rendered":"Progold Professional Bracket Softgrip"},"content":{"rendered":"<p><span style=\"font-size: 20px;\"><strong>Description<br \/><\/strong><\/span><\/p>\n<p>Support avec poign\u00e9e ergonomique souple     <\/p>\n<ul>\n<li>Poign\u00e9e ergonomique \u00e0 prise souple, acier chrom\u00e9.<\/li>\n<li>Disponible en diff\u00e9rentes tailles<\/li>\n<\/ul>","protected":false},"excerpt":{"rendered":"<p>Description Support avec poign\u00e9e souple ergonomique Poign\u00e9e souple ergonomique, acier chrom\u00e9. Disponible en diff\u00e9rentes tailles<\/p>","protected":false},"featured_media":852,"comment_status":"open","ping_status":"closed","template":"","meta":[],"product_brand":[88],"product_cat":[19,97],"product_tag":[],"class_list":{"0":"post-685","1":"product","2":"type-product","3":"status-publish","4":"has-post-thumbnail","6":"product_brand-progold","7":"product_cat-schildersbenodigdheden","8":"product_cat-schildersbenodigdheden-verfrollen-en-beugels","9":"pa_breedte-10-cm-29-cm","10":"pa_breedte-10-cm-39-cm","11":"pa_breedte-15-cm","12":"pa_breedte-18-cm","13":"pa_breedte-25-cm","14":"pa_breedte-5cm","15":"pa_merk-progold","16":"pa_upc-591","18":"first","19":"instock","20":"shipping-taxable","21":"purchasable","22":"product-type-variable"},"_links":{"self":[{"href":"https:\/\/medv-design.org\/fr\/wp-json\/wp\/v2\/product\/685","targetHints":{"allow":["GET"]}}],"collection":[{"href":"https:\/\/medv-design.org\/fr\/wp-json\/wp\/v2\/product"}],"about":[{"href":"https:\/\/medv-design.org\/fr\/wp-json\/wp\/v2\/types\/product"}],"replies":[{"embeddable":true,"href":"https:\/\/medv-design.org\/fr\/wp-json\/wp\/v2\/comments?post=685"}],"wp:featuredmedia":[{"embeddable":true,"href":"https:\/\/medv-design.org\/fr\/wp-json\/wp\/v2\/media\/852"}],"wp:attachment":[{"href":"https:\/\/medv-design.org\/fr\/wp-json\/wp\/v2\/media?parent=685"}],"wp:term":[{"taxonomy":"product_brand","embeddable":true,"href":"https:\/\/medv-design.org\/fr\/wp-json\/wp\/v2\/product_brand?post=685"},{"taxonomy":"product_cat","embeddable":true,"href":"https:\/\/medv-design.org\/fr\/wp-json\/wp\/v2\/product_cat?post=685"},{"taxonomy":"product_tag","embeddable":true,"href":"https:\/\/medv-design.org\/fr\/wp-json\/wp\/v2\/product_tag?post=685"}],"curies":[{"name":"wp","href":"https:\/\/api.w.org\/{rel}","templated":true}]}}