{"id":684,"date":"2025-12-08T20:00:42","date_gmt":"2025-12-08T20:00:42","guid":{"rendered":"https:\/\/medv-design.org\/product\/progold-platte-wegwerp-borstel-6410\/"},"modified":"2026-02-07T15:47:52","modified_gmt":"2026-02-07T15:47:52","slug":"progold-platte-wegwerp-borstel-6410","status":"publish","type":"product","link":"https:\/\/medv-design.org\/fr\/produit\/progold-platte-wegwerp-borstel-6410\/","title":{"rendered":"Brosse jetable plate Progold 6410"},"content":{"rendered":"<h3>Description <\/h3>\n<div>Platte, wegwerpbare borstel met kunststof steel en wit varkenshaar. <\/div>\n<h3>Caract\u00e9ristiques principales <\/h3>\n<div>\n<ul>\n<li>Breed toepasbaar<\/li>\n<li>Wit varkenshaar<\/li>\n<li>Brosse plate <\/li>\n<li>Wegwerpbaar<\/li>\n<li>Maat 20 t\/m 70<\/li>\n<\/ul>\n<\/div>","protected":false},"excerpt":{"rendered":"<p>Description : Brosse plate et jetable avec poign\u00e9e en plastique et poils blancs en sanglier. Caract\u00e9ristiques principales : Brosse blanche \u00e0 poils blancs tr\u00e8s applicables, brosse jetable Taille 20 \u00e0 70<\/p>","protected":false},"featured_media":886,"comment_status":"open","ping_status":"closed","template":"","meta":[],"product_brand":[88],"product_cat":[19,98],"product_tag":[],"class_list":{"0":"post-684","1":"product","2":"type-product","3":"status-publish","4":"has-post-thumbnail","6":"product_brand-progold","7":"product_cat-schildersbenodigdheden","8":"product_cat-schildersbenodigdheden-verfborstels","9":"pa_basis-waterbasis","10":"pa_gebruik-muren-plafonds","11":"pa_haarsoort-natuurlijke-haren","12":"pa_maat-528","13":"pa_maat-529","14":"pa_merk-progold","15":"pa_type-borstel-plat","16":"pa_upc-610","18":"first","19":"instock","20":"shipping-taxable","21":"purchasable","22":"product-type-variable"},"_links":{"self":[{"href":"https:\/\/medv-design.org\/fr\/wp-json\/wp\/v2\/product\/684","targetHints":{"allow":["GET"]}}],"collection":[{"href":"https:\/\/medv-design.org\/fr\/wp-json\/wp\/v2\/product"}],"about":[{"href":"https:\/\/medv-design.org\/fr\/wp-json\/wp\/v2\/types\/product"}],"replies":[{"embeddable":true,"href":"https:\/\/medv-design.org\/fr\/wp-json\/wp\/v2\/comments?post=684"}],"wp:featuredmedia":[{"embeddable":true,"href":"https:\/\/medv-design.org\/fr\/wp-json\/wp\/v2\/media\/886"}],"wp:attachment":[{"href":"https:\/\/medv-design.org\/fr\/wp-json\/wp\/v2\/media?parent=684"}],"wp:term":[{"taxonomy":"product_brand","embeddable":true,"href":"https:\/\/medv-design.org\/fr\/wp-json\/wp\/v2\/product_brand?post=684"},{"taxonomy":"product_cat","embeddable":true,"href":"https:\/\/medv-design.org\/fr\/wp-json\/wp\/v2\/product_cat?post=684"},{"taxonomy":"product_tag","embeddable":true,"href":"https:\/\/medv-design.org\/fr\/wp-json\/wp\/v2\/product_tag?post=684"}],"curies":[{"name":"wp","href":"https:\/\/api.w.org\/{rel}","templated":true}]}}