{"id":683,"date":"2025-12-08T20:00:42","date_gmt":"2025-12-08T20:00:42","guid":{"rendered":"https:\/\/medv-design.org\/product\/progold-platte-borstel-red-7150-exclusive\/"},"modified":"2026-02-07T15:47:55","modified_gmt":"2026-02-07T15:47:55","slug":"progold-platte-borstel-red-7150-exclusive","status":"publish","type":"product","link":"https:\/\/medv-design.org\/fr\/produit\/progold-platte-borstel-red-7150-exclusive\/","title":{"rendered":"ProGold Flat Brush RED 7150 Exclusif"},"content":{"rendered":"<h1><span style=\"font-size: 20px;\">Description<\/span><\/h1>\n<div>     Platte verfborstel van gemodificeerde polystervezels, geschikt voor solvent gedragen (verven) lakken.     <\/div>\n<div>\n<ul>\n<li>Platte handgemaakte borstel<\/li>\n<li>gemodificeerde polystervezels<\/li>\n<li>solvent gedragen (verven) lakken<\/li>\n<li>Taille 1\u00a0\u00bb \u00e0 3\u00a0\u00bb<\/li>\n<\/ul><\/div>","protected":false},"excerpt":{"rendered":"<p>Description Pinceau plat fabriqu\u00e9 \u00e0 partir de fibres de polyester modifi\u00e9es, adapt\u00e9 aux vernis \u00e0 base de solvants (peinture). Pinceaux plats faits \u00e0 la main Fibres de polyester modifi\u00e9es Peintures Solvants Lacques de 1\u00a0\u00bb \u00e0 3\u00a0\u00bb<\/p>","protected":false},"featured_media":1014,"comment_status":"open","ping_status":"closed","template":"","meta":[],"product_brand":[88],"product_cat":[19,98],"product_tag":[],"class_list":{"0":"post-683","1":"product","2":"type-product","3":"status-publish","4":"has-post-thumbnail","6":"product_brand-progold","7":"product_cat-schildersbenodigdheden","8":"product_cat-schildersbenodigdheden-verfborstels","9":"pa_basis-solventbasis","10":"pa_gebruik-hout-lakwerk","11":"pa_haarsoort-synthetisch","12":"pa_maat-15-38-cm","13":"pa_maat-1-25-cm","14":"pa_maat-25-63-cm","15":"pa_maat-2-50-cm","16":"pa_maat-3-75-cm","17":"pa_merk-progold","18":"pa_type-borstel-plat","19":"pa_upc-592","21":"first","22":"instock","23":"shipping-taxable","24":"purchasable","25":"product-type-variable"},"_links":{"self":[{"href":"https:\/\/medv-design.org\/fr\/wp-json\/wp\/v2\/product\/683","targetHints":{"allow":["GET"]}}],"collection":[{"href":"https:\/\/medv-design.org\/fr\/wp-json\/wp\/v2\/product"}],"about":[{"href":"https:\/\/medv-design.org\/fr\/wp-json\/wp\/v2\/types\/product"}],"replies":[{"embeddable":true,"href":"https:\/\/medv-design.org\/fr\/wp-json\/wp\/v2\/comments?post=683"}],"wp:featuredmedia":[{"embeddable":true,"href":"https:\/\/medv-design.org\/fr\/wp-json\/wp\/v2\/media\/1014"}],"wp:attachment":[{"href":"https:\/\/medv-design.org\/fr\/wp-json\/wp\/v2\/media?parent=683"}],"wp:term":[{"taxonomy":"product_brand","embeddable":true,"href":"https:\/\/medv-design.org\/fr\/wp-json\/wp\/v2\/product_brand?post=683"},{"taxonomy":"product_cat","embeddable":true,"href":"https:\/\/medv-design.org\/fr\/wp-json\/wp\/v2\/product_cat?post=683"},{"taxonomy":"product_tag","embeddable":true,"href":"https:\/\/medv-design.org\/fr\/wp-json\/wp\/v2\/product_tag?post=683"}],"curies":[{"name":"wp","href":"https:\/\/api.w.org\/{rel}","templated":true}]}}