{"id":682,"date":"2025-12-08T20:00:41","date_gmt":"2025-12-08T20:00:41","guid":{"rendered":"https:\/\/medv-design.org\/product\/progold-platte-borstel-7750-exclusive\/"},"modified":"2026-02-07T15:47:58","modified_gmt":"2026-02-07T15:47:58","slug":"progold-platte-borstel-7750-exclusive","status":"publish","type":"product","link":"https:\/\/medv-design.org\/fr\/produit\/progold-platte-borstel-7750-exclusive\/","title":{"rendered":"ProGold Flat Brush 7750 Exclusif"},"content":{"rendered":"<h1><span style=\"font-size: 20px;\">Description<\/span><\/h1>\n<p>     Platte borstel van gemodificeerde polystervezels, geschikt voor watergedragen lakken en beitsen. <\/p>\n<ul>\n<li>Platte handgemaakte borstel<\/li>\n<li>Gemodificeerde polyestervezels<\/li>\n<li>Voor watergedragen lakken en beitsen<\/li>\n<li>Maat 1&#8243; t\/m 2,5&#8243;<\/li>\n<\/ul>","protected":false},"excerpt":{"rendered":"<p>Description : Brosse plate fabriqu\u00e9e en fibres de polyester modifi\u00e9es, adapt\u00e9e aux vernis et teintures \u00e0 base d\u2019eau. Brosse plate artisanale Fibres de polyester modifi\u00e9es Pour les laques et teintures \u00e0 base d\u2019eau Tailles 1\u00a0\u00bb \u00e0 2,5\u00a0\u00bb<\/p>","protected":false},"featured_media":973,"comment_status":"open","ping_status":"closed","template":"","meta":[],"product_brand":[88],"product_cat":[19,98],"product_tag":[],"class_list":{"0":"post-682","1":"product","2":"type-product","3":"status-publish","4":"has-post-thumbnail","6":"product_brand-progold","7":"product_cat-schildersbenodigdheden","8":"product_cat-schildersbenodigdheden-verfborstels","9":"pa_basis-waterbasis","10":"pa_formaat-15-38-cm-2","11":"pa_formaat-1-25-cm","12":"pa_formaat-25-63-cm-2","13":"pa_formaat-2-50-cm","14":"pa_gebruik-hout-lakwerk","15":"pa_haarsoort-synthethisch","16":"pa_merk-progold","17":"pa_type-borstel-plat","18":"pa_upc-592","20":"first","21":"instock","22":"shipping-taxable","23":"purchasable","24":"product-type-variable"},"_links":{"self":[{"href":"https:\/\/medv-design.org\/fr\/wp-json\/wp\/v2\/product\/682","targetHints":{"allow":["GET"]}}],"collection":[{"href":"https:\/\/medv-design.org\/fr\/wp-json\/wp\/v2\/product"}],"about":[{"href":"https:\/\/medv-design.org\/fr\/wp-json\/wp\/v2\/types\/product"}],"replies":[{"embeddable":true,"href":"https:\/\/medv-design.org\/fr\/wp-json\/wp\/v2\/comments?post=682"}],"wp:featuredmedia":[{"embeddable":true,"href":"https:\/\/medv-design.org\/fr\/wp-json\/wp\/v2\/media\/973"}],"wp:attachment":[{"href":"https:\/\/medv-design.org\/fr\/wp-json\/wp\/v2\/media?parent=682"}],"wp:term":[{"taxonomy":"product_brand","embeddable":true,"href":"https:\/\/medv-design.org\/fr\/wp-json\/wp\/v2\/product_brand?post=682"},{"taxonomy":"product_cat","embeddable":true,"href":"https:\/\/medv-design.org\/fr\/wp-json\/wp\/v2\/product_cat?post=682"},{"taxonomy":"product_tag","embeddable":true,"href":"https:\/\/medv-design.org\/fr\/wp-json\/wp\/v2\/product_tag?post=682"}],"curies":[{"name":"wp","href":"https:\/\/api.w.org\/{rel}","templated":true}]}}