{"id":681,"date":"2025-12-08T20:00:41","date_gmt":"2025-12-08T20:00:41","guid":{"rendered":"https:\/\/medv-design.org\/product\/progold-platte-borstel-7050-exclusive\/"},"modified":"2026-02-07T15:48:01","modified_gmt":"2026-02-07T15:48:01","slug":"progold-platte-borstel-7050-exclusive","status":"publish","type":"product","link":"https:\/\/medv-design.org\/fr\/produit\/progold-platte-borstel-7050-exclusive\/","title":{"rendered":"ProGold Brosse plate 7050 Exclusive"},"content":{"rendered":"<div class=\"product-detail-description-text\" itemprop=\"description\">\n<h3><span style=\"letter-spacing: 0px;\">Description <\/span><\/h3>\n<p><span style=\"letter-spacing: 0px;\">Handgemaakte  professionele platte kwast met blank gelakte steel. De uitgekiende  haarlengte in combinatie met de touwwoeling zorgt voor de juiste  flexibiliteit en geeft voldoende weerstand. <\/span><\/p>\n<h3><span style=\"letter-spacing: 0px; font-weight: 600;\"><span style=\"font-size: 20px;\">Caract\u00e9ristiques principales <\/span><\/span><\/h3>\n<div>\n<ul>\n<li>Platte handgemaakte borstel <\/li>\n<li>Chinees varkenshaar (Chungking) <\/li>\n<li>Voor synthetische grond- en aflakken <\/li>\n<li>Taille 1\u00a0\u00bb \u00e0 3\u00a0\u00bb<\/li>\n<\/ul>\n<\/div><\/div>","protected":false},"excerpt":{"rendered":"<p>Description : brosse plate professionnelle faite main avec un manche laqu\u00e9 transparent. La longueur sophistiqu\u00e9e des cheveux, combin\u00e9e au lancer de corde, offre la bonne flexibilit\u00e9 et une r\u00e9sistance suffisante. Caract\u00e9ristiques principales : Brosse plate faite main poils de sanglier chinois (Chungking) Pour appr\u00eat synth\u00e9tique et couche de finition Taille 1\u00a0\u00bb \u00e0 3\u00a0\u00bb<\/p>","protected":false},"featured_media":916,"comment_status":"open","ping_status":"closed","template":"","meta":[],"product_brand":[88],"product_cat":[19,98],"product_tag":[],"class_list":{"0":"post-681","1":"product","2":"type-product","3":"status-publish","4":"has-post-thumbnail","6":"product_brand-progold","7":"product_cat-schildersbenodigdheden","8":"product_cat-schildersbenodigdheden-verfborstels","9":"pa_basis-solventbasis","10":"pa_formaat-1-inch","11":"pa_formaat-15-inch","12":"pa_formaat-2-inch","13":"pa_formaat-25-inch","14":"pa_formaat-3-inch","15":"pa_gebruik-hout-lakwerk","16":"pa_haarsoort-natuurlijke-haren","17":"pa_merk-progold","18":"pa_type-borstel-plat","20":"first","21":"instock","22":"shipping-taxable","23":"purchasable","24":"product-type-variable"},"_links":{"self":[{"href":"https:\/\/medv-design.org\/fr\/wp-json\/wp\/v2\/product\/681","targetHints":{"allow":["GET"]}}],"collection":[{"href":"https:\/\/medv-design.org\/fr\/wp-json\/wp\/v2\/product"}],"about":[{"href":"https:\/\/medv-design.org\/fr\/wp-json\/wp\/v2\/types\/product"}],"replies":[{"embeddable":true,"href":"https:\/\/medv-design.org\/fr\/wp-json\/wp\/v2\/comments?post=681"}],"wp:featuredmedia":[{"embeddable":true,"href":"https:\/\/medv-design.org\/fr\/wp-json\/wp\/v2\/media\/916"}],"wp:attachment":[{"href":"https:\/\/medv-design.org\/fr\/wp-json\/wp\/v2\/media?parent=681"}],"wp:term":[{"taxonomy":"product_brand","embeddable":true,"href":"https:\/\/medv-design.org\/fr\/wp-json\/wp\/v2\/product_brand?post=681"},{"taxonomy":"product_cat","embeddable":true,"href":"https:\/\/medv-design.org\/fr\/wp-json\/wp\/v2\/product_cat?post=681"},{"taxonomy":"product_tag","embeddable":true,"href":"https:\/\/medv-design.org\/fr\/wp-json\/wp\/v2\/product_tag?post=681"}],"curies":[{"name":"wp","href":"https:\/\/api.w.org\/{rel}","templated":true}]}}