{"id":680,"date":"2025-12-08T20:00:41","date_gmt":"2025-12-08T20:00:41","guid":{"rendered":"https:\/\/medv-design.org\/product\/progold-platte-borstel-6300\/"},"modified":"2026-02-07T15:48:04","modified_gmt":"2026-02-07T15:48:04","slug":"progold-platte-borstel-6300","status":"publish","type":"product","link":"https:\/\/medv-design.org\/fr\/produit\/progold-platte-borstel-6300\/","title":{"rendered":"ProGold Brosse plate 6300"},"content":{"rendered":"<h3>Description <\/h3>\n<p>Platte borstel met een kunststof steel en zwart varkenshaar, geschikt voor synthetische grond- en aflakken. <\/p>\n<h3>Caract\u00e9ristiques principales <\/h3>\n<ul>\n<li>Brosse plate <\/li>\n<li>Poils de sanglier noir <\/li>\n<li>Voor synthetische grond- en aflakken <\/li>\n<li>Maat 3\/4&#8243; t\/m 3&#8243;<\/li>\n<\/ul>","protected":false},"excerpt":{"rendered":"<p>Description : Brosse plate avec un manche en plastique et poils noirs en sanglier, adapt\u00e9e pour un appr\u00eat synth\u00e9tique et des couches de finition. Caract\u00e9ristiques principales : Brosse plate Poils noirs de sanglier pour appr\u00eat synth\u00e9tique et couche sup\u00e9rieure Taille 3\/4\u00a0\u00bb \u00e0 3\u00a0\u00bb<\/p>","protected":false},"featured_media":977,"comment_status":"open","ping_status":"closed","template":"","meta":[],"product_brand":[88],"product_cat":[19,98],"product_tag":[],"class_list":{"0":"post-680","1":"product","2":"type-product","3":"status-publish","4":"has-post-thumbnail","6":"product_brand-progold","7":"product_cat-schildersbenodigdheden","8":"product_cat-schildersbenodigdheden-verfborstels","9":"pa_basis-solventbasis","10":"pa_formaat-075-19-cm","11":"pa_formaat-15-38-cm","12":"pa_formaat-1-25-cm","13":"pa_formaat-25-63-cm","14":"pa_formaat-2-5-cm","15":"pa_formaat-3-75-cm","16":"pa_gebruik-hout-lakwerk","17":"pa_haarsoort-natuurlijke-haren","18":"pa_merk-progold","19":"pa_type-borstel-plat","20":"pa_upc-609","22":"first","23":"instock","24":"shipping-taxable","25":"purchasable","26":"product-type-variable"},"_links":{"self":[{"href":"https:\/\/medv-design.org\/fr\/wp-json\/wp\/v2\/product\/680","targetHints":{"allow":["GET"]}}],"collection":[{"href":"https:\/\/medv-design.org\/fr\/wp-json\/wp\/v2\/product"}],"about":[{"href":"https:\/\/medv-design.org\/fr\/wp-json\/wp\/v2\/types\/product"}],"replies":[{"embeddable":true,"href":"https:\/\/medv-design.org\/fr\/wp-json\/wp\/v2\/comments?post=680"}],"wp:featuredmedia":[{"embeddable":true,"href":"https:\/\/medv-design.org\/fr\/wp-json\/wp\/v2\/media\/977"}],"wp:attachment":[{"href":"https:\/\/medv-design.org\/fr\/wp-json\/wp\/v2\/media?parent=680"}],"wp:term":[{"taxonomy":"product_brand","embeddable":true,"href":"https:\/\/medv-design.org\/fr\/wp-json\/wp\/v2\/product_brand?post=680"},{"taxonomy":"product_cat","embeddable":true,"href":"https:\/\/medv-design.org\/fr\/wp-json\/wp\/v2\/product_cat?post=680"},{"taxonomy":"product_tag","embeddable":true,"href":"https:\/\/medv-design.org\/fr\/wp-json\/wp\/v2\/product_tag?post=680"}],"curies":[{"name":"wp","href":"https:\/\/api.w.org\/{rel}","templated":true}]}}