{"id":679,"date":"2025-12-08T20:00:41","date_gmt":"2025-12-08T20:00:41","guid":{"rendered":"https:\/\/medv-design.org\/product\/progold-perlon-verfrol\/"},"modified":"2026-02-07T15:48:07","modified_gmt":"2026-02-07T15:48:07","slug":"progold-perlon-verfrol","status":"publish","type":"product","link":"https:\/\/medv-design.org\/fr\/produit\/progold-perlon-verfrol\/","title":{"rendered":"Rouleau de peinture Progold Perlon"},"content":{"rendered":"<p><span style=\"font-size: 20px;\"><strong>Description<\/strong><\/span><\/p>\n<p>Verfrol van 100% polyamide, geschikt voor alle muurverven.     <\/p>\n<ul>\n<li>100% polyamide<\/li>\n<li>Zeer goede verfverdeling<\/li>\n<li>Robuust, sterk en pluisvrij<\/li>\n<li>Convient \u00e0 toutes les peintures murales<\/li>\n<li>Maat 10 cm en 15 cm dubbel dik<\/li>\n<\/ul>","protected":false},"excerpt":{"rendered":"<p>Description Rouleau \u00e0 peinture en polyamide 100 %, adapt\u00e9 \u00e0 toutes les peintures murales. 100 % polyamide Tr\u00e8s bonne distribution de peinture Robuste, solide et sans peluches Adapt\u00e9 \u00e0 toutes les peintures murales Taille 10 cm et 15 cm double \u00e9paisseur<\/p>","protected":false},"featured_media":976,"comment_status":"open","ping_status":"closed","template":"","meta":[],"product_brand":[88],"product_cat":[19,97],"product_tag":[],"class_list":{"0":"post-679","1":"product","2":"type-product","3":"status-publish","4":"has-post-thumbnail","6":"product_brand-progold","7":"product_cat-schildersbenodigdheden","8":"product_cat-schildersbenodigdheden-verfrollen-en-beugels","9":"pa_basis-waterbasis","10":"pa_breedte-10-cm","11":"pa_breedte-12-cm-dubbeldik-2","12":"pa_merk-progold","13":"pa_ondergrond-licht-gestructureerd","14":"pa_type-roller-muurverfroller","15":"pa_vachtlengte-12mm","16":"pa_vachtsoort-polyamide","18":"first","19":"instock","20":"shipping-taxable","21":"purchasable","22":"product-type-variable"},"_links":{"self":[{"href":"https:\/\/medv-design.org\/fr\/wp-json\/wp\/v2\/product\/679","targetHints":{"allow":["GET"]}}],"collection":[{"href":"https:\/\/medv-design.org\/fr\/wp-json\/wp\/v2\/product"}],"about":[{"href":"https:\/\/medv-design.org\/fr\/wp-json\/wp\/v2\/types\/product"}],"replies":[{"embeddable":true,"href":"https:\/\/medv-design.org\/fr\/wp-json\/wp\/v2\/comments?post=679"}],"wp:featuredmedia":[{"embeddable":true,"href":"https:\/\/medv-design.org\/fr\/wp-json\/wp\/v2\/media\/976"}],"wp:attachment":[{"href":"https:\/\/medv-design.org\/fr\/wp-json\/wp\/v2\/media?parent=679"}],"wp:term":[{"taxonomy":"product_brand","embeddable":true,"href":"https:\/\/medv-design.org\/fr\/wp-json\/wp\/v2\/product_brand?post=679"},{"taxonomy":"product_cat","embeddable":true,"href":"https:\/\/medv-design.org\/fr\/wp-json\/wp\/v2\/product_cat?post=679"},{"taxonomy":"product_tag","embeddable":true,"href":"https:\/\/medv-design.org\/fr\/wp-json\/wp\/v2\/product_tag?post=679"}],"curies":[{"name":"wp","href":"https:\/\/api.w.org\/{rel}","templated":true}]}}