{"id":678,"date":"2025-12-08T20:00:41","date_gmt":"2025-12-08T20:00:41","guid":{"rendered":"https:\/\/medv-design.org\/product\/progold-penseel-lyonse-recht-6010\/"},"modified":"2026-02-07T15:48:10","modified_gmt":"2026-02-07T15:48:10","slug":"progold-penseel-lyonse-recht-6010","status":"publish","type":"product","link":"https:\/\/medv-design.org\/fr\/produit\/progold-penseel-lyonse-recht-6010\/","title":{"rendered":"Progold Brush Lyon Straight 6010"},"content":{"rendered":"<div>\n<h3>Description <\/h3>\n<div><\/div>\n<div>Rechte penseel met wit varkenshaar, geschikt voor synthetische grond- en aflakken.<\/div>\n<h3>Caract\u00e9ristiques principales <\/h3>\n<div>\n<ul>\n<li>Rechte penseel<\/li>\n<li>Wit varkenshaar<\/li>\n<li>Voor synthetische grond- en aflakken <\/li>\n<li>Maat 4 t\/m 22<\/li>\n<\/ul>\n<\/div>\n<\/div>","protected":false},"excerpt":{"rendered":"<p>Description : Brosse droite avec poils blancs en cochon, adapt\u00e9 pour un appr\u00eat synth\u00e9tique et des couches de finition. Caract\u00e9ristiques principales : Brosse droite poils blancs en cochon Pour appr\u00eat synth\u00e9tique et couche de finition Taille 4 \u00e0 22<\/p>","protected":false},"featured_media":971,"comment_status":"open","ping_status":"closed","template":"","meta":[],"product_brand":[88],"product_cat":[19,98],"product_tag":[],"class_list":{"0":"post-678","1":"product","2":"type-product","3":"status-publish","4":"has-post-thumbnail","6":"product_brand-progold","7":"product_cat-schildersbenodigdheden","8":"product_cat-schildersbenodigdheden-verfborstels","9":"pa_basis-solventbasis","10":"pa_formaat-442","11":"pa_formaat-443","12":"pa_formaat-444","13":"pa_formaat-445","14":"pa_formaat-446","15":"pa_formaat-471","16":"pa_formaat-490","17":"pa_formaat-491","18":"pa_formaat-492","19":"pa_formaat-447","20":"pa_gebruik-hout-lakwerk","21":"pa_haarsoort-natuurlijke-haren","22":"pa_merk-progold","23":"pa_type-borstel-punt","24":"pa_upc-606","26":"first","27":"instock","28":"shipping-taxable","29":"purchasable","30":"product-type-variable"},"_links":{"self":[{"href":"https:\/\/medv-design.org\/fr\/wp-json\/wp\/v2\/product\/678","targetHints":{"allow":["GET"]}}],"collection":[{"href":"https:\/\/medv-design.org\/fr\/wp-json\/wp\/v2\/product"}],"about":[{"href":"https:\/\/medv-design.org\/fr\/wp-json\/wp\/v2\/types\/product"}],"replies":[{"embeddable":true,"href":"https:\/\/medv-design.org\/fr\/wp-json\/wp\/v2\/comments?post=678"}],"wp:featuredmedia":[{"embeddable":true,"href":"https:\/\/medv-design.org\/fr\/wp-json\/wp\/v2\/media\/971"}],"wp:attachment":[{"href":"https:\/\/medv-design.org\/fr\/wp-json\/wp\/v2\/media?parent=678"}],"wp:term":[{"taxonomy":"product_brand","embeddable":true,"href":"https:\/\/medv-design.org\/fr\/wp-json\/wp\/v2\/product_brand?post=678"},{"taxonomy":"product_cat","embeddable":true,"href":"https:\/\/medv-design.org\/fr\/wp-json\/wp\/v2\/product_cat?post=678"},{"taxonomy":"product_tag","embeddable":true,"href":"https:\/\/medv-design.org\/fr\/wp-json\/wp\/v2\/product_tag?post=678"}],"curies":[{"name":"wp","href":"https:\/\/api.w.org\/{rel}","templated":true}]}}