{"id":677,"date":"2025-12-08T20:00:41","date_gmt":"2025-12-08T20:00:41","guid":{"rendered":"https:\/\/medv-design.org\/product\/progold-penseel-lyonse-gebogen-6020\/"},"modified":"2026-02-07T15:48:14","modified_gmt":"2026-02-07T15:48:14","slug":"progold-penseel-lyonse-gebogen-6020","status":"publish","type":"product","link":"https:\/\/medv-design.org\/fr\/produit\/progold-penseel-lyonse-gebogen-6020\/","title":{"rendered":"Progold Brush Lyons Curved 6020"},"content":{"rendered":"<h3>Description <\/h3>\n<div><\/div>\n<div>\n<div>\n<div>Gebogen penseel met blankgelakte steel vervaardigd uit wit  varkenshaar. De borstel is geschikt voor synthetische grond- en aflakken  en high solids. <\/div>\n<\/p><\/div>\n<\/p><\/div>\n<h3>Caract\u00e9ristiques principales <\/h3>\n<div>\n<ul>\n<li>Brosse courbe<\/li>\n<li>Wit varkenshaar<\/li>\n<li>Voor synthetische grond- en aflakken<\/li>\n<li>Maat 14 tot en met 24<\/li>\n<\/ul>\n<\/div>","protected":false},"excerpt":{"rendered":"<p>Description : Brosse courbe avec un manche laqu\u00e9 transparent fait de poils blancs en cochon. Le pinceau convient aux appr\u00eats, couches de finition synth\u00e9tiques et aux solides riches. Caract\u00e9ristiques principales : Brosse courb\u00e9e Poils blancs en cochon Pour appr\u00eat synth\u00e9tique et couche de finition Tailles 14 \u00e0 24<\/p>","protected":false},"featured_media":888,"comment_status":"open","ping_status":"closed","template":"","meta":[],"product_brand":[88],"product_cat":[19,98],"product_tag":[],"class_list":{"0":"post-677","1":"product","2":"type-product","3":"status-publish","4":"has-post-thumbnail","6":"product_brand-progold","7":"product_cat-schildersbenodigdheden","8":"product_cat-schildersbenodigdheden-verfborstels","9":"pa_basis-solventbasis","10":"pa_formaat-444","11":"pa_formaat-445","12":"pa_formaat-471","13":"pa_formaat-495","14":"pa_gebruik-hout-lakwerk","15":"pa_haarsoort-natuurlijke-haren","16":"pa_merk-progold","17":"pa_type-borstel-schuin-gebogen","18":"pa_upc-607","20":"first","21":"instock","22":"shipping-taxable","23":"purchasable","24":"product-type-variable"},"_links":{"self":[{"href":"https:\/\/medv-design.org\/fr\/wp-json\/wp\/v2\/product\/677","targetHints":{"allow":["GET"]}}],"collection":[{"href":"https:\/\/medv-design.org\/fr\/wp-json\/wp\/v2\/product"}],"about":[{"href":"https:\/\/medv-design.org\/fr\/wp-json\/wp\/v2\/types\/product"}],"replies":[{"embeddable":true,"href":"https:\/\/medv-design.org\/fr\/wp-json\/wp\/v2\/comments?post=677"}],"wp:featuredmedia":[{"embeddable":true,"href":"https:\/\/medv-design.org\/fr\/wp-json\/wp\/v2\/media\/888"}],"wp:attachment":[{"href":"https:\/\/medv-design.org\/fr\/wp-json\/wp\/v2\/media?parent=677"}],"wp:term":[{"taxonomy":"product_brand","embeddable":true,"href":"https:\/\/medv-design.org\/fr\/wp-json\/wp\/v2\/product_brand?post=677"},{"taxonomy":"product_cat","embeddable":true,"href":"https:\/\/medv-design.org\/fr\/wp-json\/wp\/v2\/product_cat?post=677"},{"taxonomy":"product_tag","embeddable":true,"href":"https:\/\/medv-design.org\/fr\/wp-json\/wp\/v2\/product_tag?post=677"}],"curies":[{"name":"wp","href":"https:\/\/api.w.org\/{rel}","templated":true}]}}