{"id":674,"date":"2025-12-08T20:00:40","date_gmt":"2025-12-08T20:00:40","guid":{"rendered":"https:\/\/medv-design.org\/product\/progold-ovale-borstel-7770-exclusive\/"},"modified":"2026-02-07T15:48:29","modified_gmt":"2026-02-07T15:48:29","slug":"progold-ovale-borstel-7770-exclusive","status":"publish","type":"product","link":"https:\/\/medv-design.org\/fr\/produit\/progold-ovale-borstel-7770-exclusive\/","title":{"rendered":"Brosse ovale ProGold 7770 Exclusive"},"content":{"rendered":"<h1><span style=\"font-size: 20px;\">Description<\/span><\/h1>\n<div>     Brosse ovale fabriqu\u00e9e en fibres de polyester modifi\u00e9es, adapt\u00e9e aux laques et teintures \u00e0 base d\u2019eau.     <\/div>\n<div>\n<ul>\n<li>Ovale handgemaakte borstel<\/li>\n<li>Gemodificeerde polyestervezels<\/li>\n<li>Voor watergedragen lakken en beitsen<\/li>\n<li>Maat 35 t\/m 45<\/li>\n<\/ul><\/div>","protected":false},"excerpt":{"rendered":"<p>Omschrijving Ovale borstel van gemodificeerde polystervezels, geschikt voor watergedragen lakken en beitsen. Ovale handgemaakte borstel Gemodificeerde polyestervezels Voor watergedragen lakken en beitsen Maat 35 t\/m 45<\/p>","protected":false},"featured_media":958,"comment_status":"open","ping_status":"closed","template":"","meta":[],"product_brand":[88],"product_cat":[19,98],"product_tag":[],"class_list":{"0":"post-674","1":"product","2":"type-product","3":"status-publish","4":"has-post-thumbnail","6":"product_brand-progold","7":"product_cat-schildersbenodigdheden","8":"product_cat-schildersbenodigdheden-verfborstels","9":"pa_basis-waterbasis","10":"pa_formaat-496","11":"pa_formaat-497","12":"pa_formaat-498","13":"pa_gebruik-hout-lakwerk","14":"pa_haarsoort-synthetisch","15":"pa_merk-progold","16":"pa_type-borstel-ovaal","17":"pa_upc-592","19":"first","20":"instock","21":"shipping-taxable","22":"purchasable","23":"product-type-variable"},"_links":{"self":[{"href":"https:\/\/medv-design.org\/fr\/wp-json\/wp\/v2\/product\/674","targetHints":{"allow":["GET"]}}],"collection":[{"href":"https:\/\/medv-design.org\/fr\/wp-json\/wp\/v2\/product"}],"about":[{"href":"https:\/\/medv-design.org\/fr\/wp-json\/wp\/v2\/types\/product"}],"replies":[{"embeddable":true,"href":"https:\/\/medv-design.org\/fr\/wp-json\/wp\/v2\/comments?post=674"}],"wp:featuredmedia":[{"embeddable":true,"href":"https:\/\/medv-design.org\/fr\/wp-json\/wp\/v2\/media\/958"}],"wp:attachment":[{"href":"https:\/\/medv-design.org\/fr\/wp-json\/wp\/v2\/media?parent=674"}],"wp:term":[{"taxonomy":"product_brand","embeddable":true,"href":"https:\/\/medv-design.org\/fr\/wp-json\/wp\/v2\/product_brand?post=674"},{"taxonomy":"product_cat","embeddable":true,"href":"https:\/\/medv-design.org\/fr\/wp-json\/wp\/v2\/product_cat?post=674"},{"taxonomy":"product_tag","embeddable":true,"href":"https:\/\/medv-design.org\/fr\/wp-json\/wp\/v2\/product_tag?post=674"}],"curies":[{"name":"wp","href":"https:\/\/api.w.org\/{rel}","templated":true}]}}