{"id":673,"date":"2025-12-08T20:00:40","date_gmt":"2025-12-08T20:00:40","guid":{"rendered":"https:\/\/medv-design.org\/product\/progold-ontroestingsmes\/"},"modified":"2026-02-07T15:48:32","modified_gmt":"2026-02-07T15:48:32","slug":"progold-ontroestingsmes","status":"publish","type":"product","link":"https:\/\/medv-design.org\/fr\/produit\/progold-ontroestingsmes\/","title":{"rendered":"Couteau de d\u00e9rouillage ProGold"},"content":{"rendered":"<h1><span style=\"font-size: 20px;\">Description<\/span><\/h1>\n<div>     Pour d\u00e9rouiller les surfaces m\u00e9talliques.     <\/div>\n<div>\n<ul>\n<li>Aiguis\u00e9 d\u2019un c\u00f4t\u00e9<\/li>\n<li>Lame courte en acier<\/li>\n<li>Poign\u00e9e de h\u00eatre<\/li>\n<\/ul><\/div>","protected":false},"excerpt":{"rendered":"<p>Description : Pour les surfaces m\u00e9talliques qui se d\u00e9rouillent. Lame courte en acier \u00e0 lame monolat\u00e9rale Lame courte en h\u00eatre<\/p>","protected":false},"featured_media":979,"comment_status":"open","ping_status":"closed","template":"","meta":[],"product_brand":[88],"product_cat":[19,113],"product_tag":[],"class_list":{"0":"post-673","1":"product","2":"type-product","3":"status-publish","4":"has-post-thumbnail","6":"product_brand-progold","7":"product_cat-schildersbenodigdheden","8":"product_cat-schildersbenodigdheden-steekmessen-en-verfkrabbers","9":"pa_maat-5-cm","10":"pa_maat-7-cm","11":"pa_merk-progold","13":"first","14":"instock","15":"shipping-taxable","16":"purchasable","17":"product-type-variable"},"_links":{"self":[{"href":"https:\/\/medv-design.org\/fr\/wp-json\/wp\/v2\/product\/673","targetHints":{"allow":["GET"]}}],"collection":[{"href":"https:\/\/medv-design.org\/fr\/wp-json\/wp\/v2\/product"}],"about":[{"href":"https:\/\/medv-design.org\/fr\/wp-json\/wp\/v2\/types\/product"}],"replies":[{"embeddable":true,"href":"https:\/\/medv-design.org\/fr\/wp-json\/wp\/v2\/comments?post=673"}],"wp:featuredmedia":[{"embeddable":true,"href":"https:\/\/medv-design.org\/fr\/wp-json\/wp\/v2\/media\/979"}],"wp:attachment":[{"href":"https:\/\/medv-design.org\/fr\/wp-json\/wp\/v2\/media?parent=673"}],"wp:term":[{"taxonomy":"product_brand","embeddable":true,"href":"https:\/\/medv-design.org\/fr\/wp-json\/wp\/v2\/product_brand?post=673"},{"taxonomy":"product_cat","embeddable":true,"href":"https:\/\/medv-design.org\/fr\/wp-json\/wp\/v2\/product_cat?post=673"},{"taxonomy":"product_tag","embeddable":true,"href":"https:\/\/medv-design.org\/fr\/wp-json\/wp\/v2\/product_tag?post=673"}],"curies":[{"name":"wp","href":"https:\/\/api.w.org\/{rel}","templated":true}]}}