{"id":672,"date":"2025-12-08T20:00:40","date_gmt":"2025-12-08T20:00:40","guid":{"rendered":"https:\/\/medv-design.org\/product\/progold-ontroesting-en-afbrandspatel\/"},"modified":"2026-02-07T15:48:35","modified_gmt":"2026-02-07T15:48:35","slug":"progold-ontroesting-en-afbrandspatel","status":"publish","type":"product","link":"https:\/\/medv-design.org\/fr\/produit\/progold-ontroesting-en-afbrandspatel\/","title":{"rendered":"ProGold D\u00e9rouillage et spatule \u00e0 br\u00fblage"},"content":{"rendered":"<h1><span style=\"font-size: 20px;\">Description<\/span><\/h1>\n<div>\n<p>Pour enlever et s\u00e9parer les couches de peinture \u00ab anciennes \u00bb.<\/p>\n<ul>\n<li>M\u00e9tal sp\u00e9cial durci bleu<\/li>\n<li>Poign\u00e9e en bois<\/li>\n<\/ul><\/div>","protected":false},"excerpt":{"rendered":"<p>Description : Enlever et s\u00e9parer les \u00ab vieux \u00bb r\u00e9ducteurs de peinture. Poign\u00e9e sp\u00e9ciale en m\u00e9tal tremp\u00e9 bleu<\/p>","protected":false},"featured_media":955,"comment_status":"open","ping_status":"closed","template":"","meta":[],"product_brand":[88],"product_cat":[19,113],"product_tag":[],"class_list":{"0":"post-672","1":"product","2":"type-product","3":"status-publish","4":"has-post-thumbnail","6":"product_brand-progold","7":"product_cat-schildersbenodigdheden","8":"product_cat-schildersbenodigdheden-steekmessen-en-verfkrabbers","9":"pa_maat-7-cm","10":"pa_merk-progold","12":"first","13":"instock","14":"shipping-taxable","15":"product-type-variable"},"_links":{"self":[{"href":"https:\/\/medv-design.org\/fr\/wp-json\/wp\/v2\/product\/672","targetHints":{"allow":["GET"]}}],"collection":[{"href":"https:\/\/medv-design.org\/fr\/wp-json\/wp\/v2\/product"}],"about":[{"href":"https:\/\/medv-design.org\/fr\/wp-json\/wp\/v2\/types\/product"}],"replies":[{"embeddable":true,"href":"https:\/\/medv-design.org\/fr\/wp-json\/wp\/v2\/comments?post=672"}],"wp:featuredmedia":[{"embeddable":true,"href":"https:\/\/medv-design.org\/fr\/wp-json\/wp\/v2\/media\/955"}],"wp:attachment":[{"href":"https:\/\/medv-design.org\/fr\/wp-json\/wp\/v2\/media?parent=672"}],"wp:term":[{"taxonomy":"product_brand","embeddable":true,"href":"https:\/\/medv-design.org\/fr\/wp-json\/wp\/v2\/product_brand?post=672"},{"taxonomy":"product_cat","embeddable":true,"href":"https:\/\/medv-design.org\/fr\/wp-json\/wp\/v2\/product_cat?post=672"},{"taxonomy":"product_tag","embeddable":true,"href":"https:\/\/medv-design.org\/fr\/wp-json\/wp\/v2\/product_tag?post=672"}],"curies":[{"name":"wp","href":"https:\/\/api.w.org\/{rel}","templated":true}]}}