{"id":671,"date":"2025-12-08T20:00:40","date_gmt":"2025-12-08T20:00:40","guid":{"rendered":"https:\/\/medv-design.org\/product\/progold-masking-tape-paars\/"},"modified":"2026-02-07T15:48:38","modified_gmt":"2026-02-07T15:48:38","slug":"progold-masking-tape-paars","status":"publish","type":"product","link":"https:\/\/medv-design.org\/fr\/produit\/progold-masking-tape-paars\/","title":{"rendered":"Ruban de masquage ProGold violet"},"content":{"rendered":"<h3>Description<\/h3>\n<p>Le ProGold Masking Tape Purple est un ruban de masquage sp\u00e9cialement d\u00e9velopp\u00e9 pour les surfaces vuln\u00e9rables telles que le papier peint, le papier et les techniques de peinture d\u00e9corative. Convient aussi pour les couches de peinture neuves et s\u00e8ches. Ce ruban est id\u00e9al pour une finition \u00e9l\u00e9gante avec des bords tranchants comme des rasoirs et peut \u00eatre retir\u00e9 sans effort m\u00eame des surfaces les plus d\u00e9licates.<\/p>\n<h3>But de l'utilisation<\/h3>\n<ul>\n<li>Pour des travaux de peinture exigeants sur des substrats sensibles tels que la peinture neuve<\/li>\n<li>Adapt\u00e9 aux applications sur des surfaces telles que le papier peint et les techniques de peinture d\u00e9corative<\/li>\n<\/ul>\n<h3>Principales caract\u00e9ristiques<\/h3>\n<ul>\n<li>Ruban adh\u00e9sif en papier sp\u00e9cial \u00ab Washi \u00bb<\/li>\n<li>\u00c7a emp\u00eache la peinture de couler sous le ruban, offrant des bords tranchants comme des rasoirs<\/li>\n<\/ul>","protected":false},"excerpt":{"rendered":"<p>Omschrijving De ProGold Masking Tape Paars is een masking tape speciaal ontwikkeld voor kwetsbare ondergronden zoals behang, papier en decoratieve schildertechnieken. Ook geschikt voor nieuwe, droge verflagen. Deze tape is ideaal voor een strakke afwerking met messcherpe randen en kan moeiteloos worden verwijderd, zelfs van de meest delicate oppervlakken. Gebruiksdoel Voor veeleisend schilderwerk op kwetsbare [&hellip;]<\/p>\n","protected":false},"featured_media":1031,"comment_status":"open","ping_status":"closed","template":"","meta":[],"product_brand":[88],"product_cat":[93,19],"product_tag":[],"class_list":{"0":"post-671","1":"product","2":"type-product","3":"status-publish","4":"has-post-thumbnail","6":"product_brand-progold","7":"product_cat-schildersbenodigdheden-masking-tape","8":"product_cat-schildersbenodigdheden","9":"pa_formaat-18-mm","10":"pa_formaat-24-mm","11":"pa_formaat-36-mm","12":"pa_formaat-48-mm","13":"pa_merk-progold","14":"pa_ondergrond-kwetsbaar","15":"pa_upc-647","17":"first","18":"instock","19":"shipping-taxable","20":"purchasable","21":"product-type-variable"},"_links":{"self":[{"href":"https:\/\/medv-design.org\/fr\/wp-json\/wp\/v2\/product\/671","targetHints":{"allow":["GET"]}}],"collection":[{"href":"https:\/\/medv-design.org\/fr\/wp-json\/wp\/v2\/product"}],"about":[{"href":"https:\/\/medv-design.org\/fr\/wp-json\/wp\/v2\/types\/product"}],"replies":[{"embeddable":true,"href":"https:\/\/medv-design.org\/fr\/wp-json\/wp\/v2\/comments?post=671"}],"wp:featuredmedia":[{"embeddable":true,"href":"https:\/\/medv-design.org\/fr\/wp-json\/wp\/v2\/media\/1031"}],"wp:attachment":[{"href":"https:\/\/medv-design.org\/fr\/wp-json\/wp\/v2\/media?parent=671"}],"wp:term":[{"taxonomy":"product_brand","embeddable":true,"href":"https:\/\/medv-design.org\/fr\/wp-json\/wp\/v2\/product_brand?post=671"},{"taxonomy":"product_cat","embeddable":true,"href":"https:\/\/medv-design.org\/fr\/wp-json\/wp\/v2\/product_cat?post=671"},{"taxonomy":"product_tag","embeddable":true,"href":"https:\/\/medv-design.org\/fr\/wp-json\/wp\/v2\/product_tag?post=671"}],"curies":[{"name":"wp","href":"https:\/\/api.w.org\/{rel}","templated":true}]}}