{"id":669,"date":"2025-12-08T20:00:40","date_gmt":"2025-12-08T20:00:40","guid":{"rendered":"https:\/\/medv-design.org\/product\/progold-masking-tape-geel\/"},"modified":"2026-02-07T15:48:44","modified_gmt":"2026-02-07T15:48:44","slug":"progold-masking-tape-geel","status":"publish","type":"product","link":"https:\/\/medv-design.org\/fr\/produit\/progold-masking-tape-geel\/","title":{"rendered":"Ruban de masquage ProGold jaune"},"content":{"rendered":"<h3>Description<\/h3>\n<p>Le ProGold Masking Tape Yellow est un ruban de haute qualit\u00e9, adapt\u00e9 \u00e0 toutes les surfaces, \u00e0 l\u2019int\u00e9rieur comme \u00e0 l\u2019ext\u00e9rieur. Ce ruban est particuli\u00e8rement adapt\u00e9 pour cr\u00e9er des lignes nettes. Avec une excellente r\u00e9sistance \u00e0 l\u2019adh\u00e9sif, une tr\u00e8s grande r\u00e9sistance aux UV et aucun r\u00e9sidu d\u2019adh\u00e9sif, ce ruban offre une dur\u00e9e de vie de plusieurs mois.<\/p>\n<h3>But de l'utilisation<\/h3>\n<ul>\n<li>Pour cr\u00e9er des bords de peinture tranchants sur des surfaces lisses et l\u00e9g\u00e8rement rugueuses<\/li>\n<\/ul>\n<h3>Principales caract\u00e9ristiques<\/h3>\n<ul>\n<li>Ruban tr\u00e8s fin fait de papier sp\u00e9cial \u00ab Washi \u00bb<\/li>\n<li>La peinture ne coule pas sous le ruban, ce qui donne des bords de peinture nets<\/li>\n<li>R\u00e9sistant aux UV<\/li>\n<\/ul>","protected":false},"excerpt":{"rendered":"<p>Omschrijving De ProGold Masking Tape Geel is een tape van topkwaliteit die geschikt is voor alle ondergronden, zowel binnen als buiten. Deze tape is bijzonder geschikt voor het maken van strakke lijnen. Met uitstekende kleefkracht, een zeer hoge UV-bestendigheid, en geen lijmresten, biedt deze tape een inzetduur van meerdere maanden. Gebruiksdoel Voor het maken van [&hellip;]<\/p>\n","protected":false},"featured_media":1030,"comment_status":"open","ping_status":"closed","template":"","meta":[],"product_brand":[88],"product_cat":[93,19],"product_tag":[],"class_list":{"0":"post-669","1":"product","2":"type-product","3":"status-publish","4":"has-post-thumbnail","6":"product_brand-progold","7":"product_cat-schildersbenodigdheden-masking-tape","8":"product_cat-schildersbenodigdheden","9":"pa_binnen-buiten-binnen","10":"pa_eigenschappen-uv-bestendig","11":"pa_formaat-18-mm","12":"pa_formaat-24-mm","13":"pa_formaat-36-mm","14":"pa_formaat-48-mm","15":"pa_merk-progold","16":"pa_ondergrond-universeel","17":"pa_upc-634","19":"first","20":"instock","21":"shipping-taxable","22":"purchasable","23":"product-type-variable"},"_links":{"self":[{"href":"https:\/\/medv-design.org\/fr\/wp-json\/wp\/v2\/product\/669","targetHints":{"allow":["GET"]}}],"collection":[{"href":"https:\/\/medv-design.org\/fr\/wp-json\/wp\/v2\/product"}],"about":[{"href":"https:\/\/medv-design.org\/fr\/wp-json\/wp\/v2\/types\/product"}],"replies":[{"embeddable":true,"href":"https:\/\/medv-design.org\/fr\/wp-json\/wp\/v2\/comments?post=669"}],"wp:featuredmedia":[{"embeddable":true,"href":"https:\/\/medv-design.org\/fr\/wp-json\/wp\/v2\/media\/1030"}],"wp:attachment":[{"href":"https:\/\/medv-design.org\/fr\/wp-json\/wp\/v2\/media?parent=669"}],"wp:term":[{"taxonomy":"product_brand","embeddable":true,"href":"https:\/\/medv-design.org\/fr\/wp-json\/wp\/v2\/product_brand?post=669"},{"taxonomy":"product_cat","embeddable":true,"href":"https:\/\/medv-design.org\/fr\/wp-json\/wp\/v2\/product_cat?post=669"},{"taxonomy":"product_tag","embeddable":true,"href":"https:\/\/medv-design.org\/fr\/wp-json\/wp\/v2\/product_tag?post=669"}],"curies":[{"name":"wp","href":"https:\/\/api.w.org\/{rel}","templated":true}]}}