{"id":667,"date":"2025-12-08T20:00:39","date_gmt":"2025-12-08T20:00:39","guid":{"rendered":"https:\/\/medv-design.org\/product\/progold-masking-tape-blauw\/"},"modified":"2026-02-07T15:48:50","modified_gmt":"2026-02-07T15:48:50","slug":"progold-masking-tape-blauw","status":"publish","type":"product","link":"https:\/\/medv-design.org\/fr\/produit\/progold-masking-tape-blauw\/","title":{"rendered":"Ruban de masquage ProGold bleu"},"content":{"rendered":"<h3>Description<\/h3>\n<p>Ruban adh\u00e9sif universellement applicable avec une r\u00e9sistance adh\u00e9sive moyenne pour masquer les travaux sur des surfaces sensibles. Lisse dans les coins et adapt\u00e9e aussi bien aux applications int\u00e9rieures qu\u2019ext\u00e9rieures.<\/p>\n<h3>But de l'utilisation<\/h3>\n<ul>\n<li>Pour un travail de masquage s\u00fbr sur des surfaces sensibles telles que la peinture neuve<\/li>\n<li>Adapt\u00e9 lorsque des bords de peinture tranchants ne sont pas n\u00e9cessaires, mais un temps de d\u00e9ploiement de plusieurs jours est requis<\/li>\n<\/ul>\n<h3>Principales caract\u00e9ristiques<\/h3>\n<ul>\n<li>Ruban l\u00e9g\u00e8rement d\u00e9nud\u00e9<\/li>\n<li>R\u00e9sistance limit\u00e9e \u00e0 l\u2019adh\u00e9sif et bonne adh\u00e9rence<\/li>\n<li>R\u00e9sistant aux UV<\/li>\n<li>R\u00e9sistance aux intemp\u00e9ries et au vieillissement<\/li>\n<\/ul>","protected":false},"excerpt":{"rendered":"<p>Omschrijving Universeel inzetbare tape met medium kleefkracht voor afplakwerkzaamheden op kwetsbare ondergronden. Soepel in de bochten en geschikt voor zowel binnen- als buitentoepassingen. Gebruiksdoel Voor veilige afplakwerkzaamheden op kwetsbare ondergronden zoals nieuw schilderwerk Geschikt wanneer scherpe verfranden niet noodzakelijk zijn, maar een inzetduur van meerdere dagen vereist is Voornaamste kenmerken Licht gekrepte tape Beperkte kleefkracht [&hellip;]<\/p>\n","protected":false},"featured_media":1029,"comment_status":"open","ping_status":"closed","template":"","meta":[],"product_brand":[88],"product_cat":[93,19],"product_tag":[],"class_list":{"0":"post-667","1":"product","2":"type-product","3":"status-publish","4":"has-post-thumbnail","6":"product_brand-progold","7":"product_cat-schildersbenodigdheden-masking-tape","8":"product_cat-schildersbenodigdheden","9":"pa_binnen-buiten-binnen","10":"pa_eigenschappen-waterbestendig","11":"pa_formaat-18-mm","12":"pa_formaat-24-mm","13":"pa_formaat-36-mm","14":"pa_formaat-48-mm","15":"pa_merk-progold","16":"pa_ondergrond-kwetsbaar","17":"pa_upc-627","19":"first","20":"instock","21":"shipping-taxable","22":"purchasable","23":"product-type-variable"},"_links":{"self":[{"href":"https:\/\/medv-design.org\/fr\/wp-json\/wp\/v2\/product\/667","targetHints":{"allow":["GET"]}}],"collection":[{"href":"https:\/\/medv-design.org\/fr\/wp-json\/wp\/v2\/product"}],"about":[{"href":"https:\/\/medv-design.org\/fr\/wp-json\/wp\/v2\/types\/product"}],"replies":[{"embeddable":true,"href":"https:\/\/medv-design.org\/fr\/wp-json\/wp\/v2\/comments?post=667"}],"wp:featuredmedia":[{"embeddable":true,"href":"https:\/\/medv-design.org\/fr\/wp-json\/wp\/v2\/media\/1029"}],"wp:attachment":[{"href":"https:\/\/medv-design.org\/fr\/wp-json\/wp\/v2\/media?parent=667"}],"wp:term":[{"taxonomy":"product_brand","embeddable":true,"href":"https:\/\/medv-design.org\/fr\/wp-json\/wp\/v2\/product_brand?post=667"},{"taxonomy":"product_cat","embeddable":true,"href":"https:\/\/medv-design.org\/fr\/wp-json\/wp\/v2\/product_cat?post=667"},{"taxonomy":"product_tag","embeddable":true,"href":"https:\/\/medv-design.org\/fr\/wp-json\/wp\/v2\/product_tag?post=667"}],"curies":[{"name":"wp","href":"https:\/\/api.w.org\/{rel}","templated":true}]}}