{"id":666,"date":"2025-12-08T20:00:39","date_gmt":"2025-12-08T20:00:39","guid":{"rendered":"https:\/\/medv-design.org\/product\/progold-masking-tape-beige\/"},"modified":"2026-02-07T15:48:53","modified_gmt":"2026-02-07T15:48:53","slug":"progold-masking-tape-beige","status":"publish","type":"product","link":"https:\/\/medv-design.org\/fr\/produit\/progold-masking-tape-beige\/","title":{"rendered":"Ruban de masquage ProGold Beige"},"content":{"rendered":"<h3>Description<\/h3>\n<p>Ruban universellement applicable principalement pour des travaux de masquage simples \u00e0 court terme en int\u00e9rieur.<\/p>\n<h3>But de l'utilisation<\/h3>\n<ul>\n<li>Pour un travail de masquage moins exigeant sur des surfaces glissantes<\/li>\n<\/ul>\n<h3>Principales caract\u00e9ristiques<\/h3>\n<ul>\n<li>Ruban l\u00e9g\u00e8rement ray\u00e9 en bonne qualit\u00e9 basique<\/li>\n<li>Bonne adh\u00e9rence et bonne adh\u00e9rence<\/li>\n<li>F\u00e9condation standard<\/li>\n<\/ul>","protected":false},"excerpt":{"rendered":"<p>Description Ruban universellement applicable principalement pour un travail de masquage simple \u00e0 court terme en int\u00e9rieur. Objectif d\u2019utilisation Pour un travail de masquage moins exigeant sur des surfaces lisses Caract\u00e9ristiques principales Ruban l\u00e9g\u00e8rement d\u00e9nud\u00e9 de bonne qualit\u00e9 de base Bonne r\u00e9sistance adh\u00e9sive et bonne adh\u00e9rence Impregnation standard<\/p>","protected":false},"featured_media":883,"comment_status":"open","ping_status":"closed","template":"","meta":[],"product_brand":[88],"product_cat":[93,19],"product_tag":[],"class_list":{"0":"post-666","1":"product","2":"type-product","3":"status-publish","4":"has-post-thumbnail","6":"product_brand-progold","7":"product_cat-schildersbenodigdheden-masking-tape","8":"product_cat-schildersbenodigdheden","9":"pa_binnen-buiten-binnen","10":"pa_formaat-18-mm","11":"pa_formaat-24-mm","12":"pa_formaat-36-mm","13":"pa_formaat-48-mm","14":"pa_merk-progold","16":"first","17":"instock","18":"shipping-taxable","19":"purchasable","20":"product-type-variable"},"_links":{"self":[{"href":"https:\/\/medv-design.org\/fr\/wp-json\/wp\/v2\/product\/666","targetHints":{"allow":["GET"]}}],"collection":[{"href":"https:\/\/medv-design.org\/fr\/wp-json\/wp\/v2\/product"}],"about":[{"href":"https:\/\/medv-design.org\/fr\/wp-json\/wp\/v2\/types\/product"}],"replies":[{"embeddable":true,"href":"https:\/\/medv-design.org\/fr\/wp-json\/wp\/v2\/comments?post=666"}],"wp:featuredmedia":[{"embeddable":true,"href":"https:\/\/medv-design.org\/fr\/wp-json\/wp\/v2\/media\/883"}],"wp:attachment":[{"href":"https:\/\/medv-design.org\/fr\/wp-json\/wp\/v2\/media?parent=666"}],"wp:term":[{"taxonomy":"product_brand","embeddable":true,"href":"https:\/\/medv-design.org\/fr\/wp-json\/wp\/v2\/product_brand?post=666"},{"taxonomy":"product_cat","embeddable":true,"href":"https:\/\/medv-design.org\/fr\/wp-json\/wp\/v2\/product_cat?post=666"},{"taxonomy":"product_tag","embeddable":true,"href":"https:\/\/medv-design.org\/fr\/wp-json\/wp\/v2\/product_tag?post=666"}],"curies":[{"name":"wp","href":"https:\/\/api.w.org\/{rel}","templated":true}]}}