{"id":663,"date":"2025-12-08T20:00:39","date_gmt":"2025-12-08T20:00:39","guid":{"rendered":"https:\/\/medv-design.org\/product\/progold-lyonse-penseel-gebogen-7120-exclusive-red\/"},"modified":"2026-02-07T15:49:01","modified_gmt":"2026-02-07T15:49:01","slug":"progold-lyonse-penseel-gebogen-7120-exclusive-red","status":"publish","type":"product","link":"https:\/\/medv-design.org\/fr\/produit\/progold-lyonse-penseel-gebogen-7120-exclusive-red\/","title":{"rendered":"ProGold Lyonse Brosse Courb\u00e9e 7120 Rouge Exclusif"},"content":{"rendered":"<h3>Description <\/h3>\n<div><\/div>\n<div>\n<div>Brosse courbe professionnelle avec poign\u00e9e laqu\u00e9e transparente fabriqu\u00e9e \u00e0 partir d\u2019un m\u00e9lange de fibres de polyester modifi\u00e9es. Les fibres sont tr\u00e8s douces sur le dessus et poss\u00e8dent une r\u00e9silience qui se compare facilement \u00e0 celle des poils de porc. La fine flamme douce des fibres assure un excellent traitement. Le pinceau convient aux vernis et teintures \u00e0 base de solvants. <\/div>\n<\/p><\/div>\n<h3>Caract\u00e9ristiques principales <\/h3>\n<div>\n<ul>\n<li>Brosse courbe<\/li>\n<li>Fibres 100 % synth\u00e9tiques<\/li>\n<li>Pour les peintures \u00e0 base de solvants<\/li>\n<li>Tailles 16, 20 et 24<\/li>\n<\/ul>\n<\/div>","protected":false},"excerpt":{"rendered":"<p>Omschrijving Professioneel gebogen penseel met blankgelakte steel vervaardigd uit een mix van gemodificeerde polyestervezels. De vezels zijn zeer zacht aan de bovenzijde en hebben een veerkracht die de vergelijking met die van varkenshaar moeiteloos doorstaat. De zeer fijne, zachte bles van de vezels worgen voor een voortreffelijke verwerking. De kwast is geschikt voor solventgedragen lakken [&hellip;]<\/p>\n","protected":false},"featured_media":960,"comment_status":"open","ping_status":"closed","template":"","meta":[],"product_brand":[88],"product_cat":[19,98],"product_tag":[],"class_list":{"0":"post-663","1":"product","2":"type-product","3":"status-publish","4":"has-post-thumbnail","6":"product_brand-progold","7":"product_cat-schildersbenodigdheden","8":"product_cat-schildersbenodigdheden-verfborstels","9":"pa_basis-solventbasis","10":"pa_formaat-445","11":"pa_formaat-471","12":"pa_formaat-495","13":"pa_merk-progold","14":"pa_upc-592","16":"first","17":"instock","18":"shipping-taxable","19":"purchasable","20":"product-type-variable"},"_links":{"self":[{"href":"https:\/\/medv-design.org\/fr\/wp-json\/wp\/v2\/product\/663","targetHints":{"allow":["GET"]}}],"collection":[{"href":"https:\/\/medv-design.org\/fr\/wp-json\/wp\/v2\/product"}],"about":[{"href":"https:\/\/medv-design.org\/fr\/wp-json\/wp\/v2\/types\/product"}],"replies":[{"embeddable":true,"href":"https:\/\/medv-design.org\/fr\/wp-json\/wp\/v2\/comments?post=663"}],"wp:featuredmedia":[{"embeddable":true,"href":"https:\/\/medv-design.org\/fr\/wp-json\/wp\/v2\/media\/960"}],"wp:attachment":[{"href":"https:\/\/medv-design.org\/fr\/wp-json\/wp\/v2\/media?parent=663"}],"wp:term":[{"taxonomy":"product_brand","embeddable":true,"href":"https:\/\/medv-design.org\/fr\/wp-json\/wp\/v2\/product_brand?post=663"},{"taxonomy":"product_cat","embeddable":true,"href":"https:\/\/medv-design.org\/fr\/wp-json\/wp\/v2\/product_cat?post=663"},{"taxonomy":"product_tag","embeddable":true,"href":"https:\/\/medv-design.org\/fr\/wp-json\/wp\/v2\/product_tag?post=663"}],"curies":[{"name":"wp","href":"https:\/\/api.w.org\/{rel}","templated":true}]}}