{"id":662,"date":"2025-12-08T20:00:39","date_gmt":"2025-12-08T20:00:39","guid":{"rendered":"https:\/\/medv-design.org\/product\/progold-lyonse-penseel-exclusive-gebogen-7890\/"},"modified":"2026-02-07T15:49:04","modified_gmt":"2026-02-07T15:49:04","slug":"progold-lyonse-penseel-exclusive-gebogen-7890","status":"publish","type":"product","link":"https:\/\/medv-design.org\/fr\/produit\/progold-lyonse-penseel-exclusive-gebogen-7890\/","title":{"rendered":"ProGold Lyonse Brush Exclusive Curved 7890"},"content":{"rendered":"<h1><span style=\"font-size: 20px;\">Description<\/span><\/h1>\n<p>     Brosse Lyonse courb\u00e9e avec un manche laqu\u00e9 transparent et fabriqu\u00e9e \u00e0 partir de fibres synth\u00e9tiques \u00e0 100 %. Adapt\u00e9 aux peintures \u00e0 base d\u2019eau. <\/p>\n<ul>\n<li>Brosse courbe<\/li>\n<li>Fibres 100 % synth\u00e9tiques<\/li>\n<li>Pour les peintures \u00e0 base d\u2019eau.<\/li>\n<li>Tailles 16, 20 et 24<\/li>\n<\/ul>","protected":false},"excerpt":{"rendered":"<p>Omschrijving Gebogen lyonse penseel met blank gelakte steel en vervaardigd uit 100% synthetische vezels. Geschikt voor watergedragen verven. Gebogen penseel 100% sythetische vezels Voor watergedragen verven. Maat 16, 20 en 24<\/p>","protected":false},"featured_media":861,"comment_status":"open","ping_status":"closed","template":"","meta":[],"product_brand":[88],"product_cat":[19,98],"product_tag":[],"class_list":{"0":"post-662","1":"product","2":"type-product","3":"status-publish","4":"has-post-thumbnail","6":"product_brand-progold","7":"product_cat-schildersbenodigdheden","8":"product_cat-schildersbenodigdheden-verfborstels","9":"pa_basis-waterbasis","10":"pa_formaat-445","11":"pa_formaat-471","12":"pa_formaat-495","13":"pa_gebruik-hout-lakwerk","14":"pa_haarsoort-synthetisch","15":"pa_merk-progold","16":"pa_type-borstel-schuin-gebogen","17":"pa_upc-592","19":"first","20":"instock","21":"shipping-taxable","22":"purchasable","23":"product-type-variable"},"_links":{"self":[{"href":"https:\/\/medv-design.org\/fr\/wp-json\/wp\/v2\/product\/662","targetHints":{"allow":["GET"]}}],"collection":[{"href":"https:\/\/medv-design.org\/fr\/wp-json\/wp\/v2\/product"}],"about":[{"href":"https:\/\/medv-design.org\/fr\/wp-json\/wp\/v2\/types\/product"}],"replies":[{"embeddable":true,"href":"https:\/\/medv-design.org\/fr\/wp-json\/wp\/v2\/comments?post=662"}],"wp:featuredmedia":[{"embeddable":true,"href":"https:\/\/medv-design.org\/fr\/wp-json\/wp\/v2\/media\/861"}],"wp:attachment":[{"href":"https:\/\/medv-design.org\/fr\/wp-json\/wp\/v2\/media?parent=662"}],"wp:term":[{"taxonomy":"product_brand","embeddable":true,"href":"https:\/\/medv-design.org\/fr\/wp-json\/wp\/v2\/product_brand?post=662"},{"taxonomy":"product_cat","embeddable":true,"href":"https:\/\/medv-design.org\/fr\/wp-json\/wp\/v2\/product_cat?post=662"},{"taxonomy":"product_tag","embeddable":true,"href":"https:\/\/medv-design.org\/fr\/wp-json\/wp\/v2\/product_tag?post=662"}],"curies":[{"name":"wp","href":"https:\/\/api.w.org\/{rel}","templated":true}]}}