{"id":661,"date":"2025-12-08T20:00:38","date_gmt":"2025-12-08T20:00:38","guid":{"rendered":"https:\/\/medv-design.org\/product\/progold-kleefdoek-geimpregneerd\/"},"modified":"2026-02-07T15:49:07","modified_gmt":"2026-02-07T15:49:07","slug":"progold-kleefdoek-geimpregneerd","status":"publish","type":"product","link":"https:\/\/medv-design.org\/fr\/produit\/progold-kleefdoek-geimpregneerd\/","title":{"rendered":"Tissu de Ciselle impr\u00e9gn\u00e9 ProGold"},"content":{"rendered":"<h1><span style=\"font-size: 20px;\">Description<\/span><\/h1>\n<div>\n<p>Tissu impr\u00e9gn\u00e9 non tiss\u00e9 pour ramasser et retenir les particules de poussi\u00e8re et poncer la poussi\u00e8re juste avant d\u2019appliquer la peinture. <\/p>\n<\/p><\/div>","protected":false},"excerpt":{"rendered":"<p>Omschrijving Non-woven ge\u00efmpregneerde kleefdoek voor het opnemen en vasthouden van stofdeeltjes en schuurstof net voor het aanbrengen van verf.<\/p>","protected":false},"featured_media":1016,"comment_status":"open","ping_status":"closed","template":"","meta":[],"product_brand":[88],"product_cat":[100,19],"product_tag":[],"class_list":{"0":"post-661","1":"product","2":"type-product","3":"status-publish","4":"has-post-thumbnail","6":"product_brand-progold","7":"product_cat-schildersbenodigdheden-reiniging-en-verdunning","8":"product_cat-schildersbenodigdheden","9":"pa_merk-progold","10":"pa_upc-592","12":"first","13":"instock","14":"shipping-taxable","15":"purchasable","16":"product-type-simple"},"_links":{"self":[{"href":"https:\/\/medv-design.org\/fr\/wp-json\/wp\/v2\/product\/661","targetHints":{"allow":["GET"]}}],"collection":[{"href":"https:\/\/medv-design.org\/fr\/wp-json\/wp\/v2\/product"}],"about":[{"href":"https:\/\/medv-design.org\/fr\/wp-json\/wp\/v2\/types\/product"}],"replies":[{"embeddable":true,"href":"https:\/\/medv-design.org\/fr\/wp-json\/wp\/v2\/comments?post=661"}],"wp:featuredmedia":[{"embeddable":true,"href":"https:\/\/medv-design.org\/fr\/wp-json\/wp\/v2\/media\/1016"}],"wp:attachment":[{"href":"https:\/\/medv-design.org\/fr\/wp-json\/wp\/v2\/media?parent=661"}],"wp:term":[{"taxonomy":"product_brand","embeddable":true,"href":"https:\/\/medv-design.org\/fr\/wp-json\/wp\/v2\/product_brand?post=661"},{"taxonomy":"product_cat","embeddable":true,"href":"https:\/\/medv-design.org\/fr\/wp-json\/wp\/v2\/product_cat?post=661"},{"taxonomy":"product_tag","embeddable":true,"href":"https:\/\/medv-design.org\/fr\/wp-json\/wp\/v2\/product_tag?post=661"}],"curies":[{"name":"wp","href":"https:\/\/api.w.org\/{rel}","templated":true}]}}