{"id":660,"date":"2025-12-08T20:00:38","date_gmt":"2025-12-08T20:00:38","guid":{"rendered":"https:\/\/medv-design.org\/product\/progold-kitpistool\/"},"modified":"2026-01-27T02:08:49","modified_gmt":"2026-01-27T02:08:49","slug":"progold-kitpistool","status":"publish","type":"product","link":"https:\/\/medv-design.org\/fr\/produit\/progold-kitpistool\/","title":{"rendered":"Pistolet \u00e0 calfeutrer Progold"},"content":{"rendered":"<p><span style=\"font-size: 20px;\"><strong>Description<\/strong><\/span><\/p>\n<p>Pistolet manuel professionnel \u00e0 mastic avec porte-cartouche rotatif pour cartouches de 310 ml.     <\/p>\n<p><span style=\"font-size: 20px;\"><strong>Principales caract\u00e9ristiques<\/strong><\/span><\/p>\n<ul>\n<li>Pistolet d'\u00e9tanch\u00e9it\u00e9 manuel pour cadre squelettique<\/li>\n<li>Cadre en acier recouvert d'une couche d'\u00e9poxy<\/li>\n<li>Poign\u00e9e en alumine rev\u00eatue d'\u00e9poxy<\/li>\n<li>Engrenage tr\u00e8s robuste pour un fonctionnement continu<\/li>\n<li>Porte-tube pivotant<\/li>\n<li>Equip\u00e9 d'un syst\u00e8me anti-goutte<\/li>\n<\/ul>","protected":false},"excerpt":{"rendered":"<p>Description : Pistolet \u00e0 calfeutrage manuel professionnel avec porte-cartouche rotatif pour cartouches de 310 ml. Caract\u00e9ristiques principales Pistolet de mastic \u00e0 ch\u00e2ssis manuel Cadre en acier rev\u00eatu d\u2019\u00e9poxy Poign\u00e9e en aluminium recouvert d\u2019\u00e9poxy Bo\u00eete d\u2019engrenages extra lourde pour usage continu Porte-tube rotatif \u00c9quip\u00e9 d\u2019un syst\u00e8me anti-goutte<\/p>","protected":false},"featured_media":925,"comment_status":"open","ping_status":"closed","template":"","meta":[],"product_brand":[],"product_cat":[763,764,94,19],"product_tag":[],"class_list":{"0":"post-660","1":"product","2":"type-product","3":"status-publish","4":"has-post-thumbnail","6":"product_cat-763","7":"product_cat-764","8":"product_cat-schildersbenodigdheden-plamuur-vulmiddelen","9":"product_cat-schildersbenodigdheden","11":"first","12":"instock","13":"shipping-taxable","14":"purchasable","15":"product-type-simple"},"_links":{"self":[{"href":"https:\/\/medv-design.org\/fr\/wp-json\/wp\/v2\/product\/660","targetHints":{"allow":["GET"]}}],"collection":[{"href":"https:\/\/medv-design.org\/fr\/wp-json\/wp\/v2\/product"}],"about":[{"href":"https:\/\/medv-design.org\/fr\/wp-json\/wp\/v2\/types\/product"}],"replies":[{"embeddable":true,"href":"https:\/\/medv-design.org\/fr\/wp-json\/wp\/v2\/comments?post=660"}],"wp:featuredmedia":[{"embeddable":true,"href":"https:\/\/medv-design.org\/fr\/wp-json\/wp\/v2\/media\/925"}],"wp:attachment":[{"href":"https:\/\/medv-design.org\/fr\/wp-json\/wp\/v2\/media?parent=660"}],"wp:term":[{"taxonomy":"product_brand","embeddable":true,"href":"https:\/\/medv-design.org\/fr\/wp-json\/wp\/v2\/product_brand?post=660"},{"taxonomy":"product_cat","embeddable":true,"href":"https:\/\/medv-design.org\/fr\/wp-json\/wp\/v2\/product_cat?post=660"},{"taxonomy":"product_tag","embeddable":true,"href":"https:\/\/medv-design.org\/fr\/wp-json\/wp\/v2\/product_tag?post=660"}],"curies":[{"name":"wp","href":"https:\/\/api.w.org\/{rel}","templated":true}]}}