{"id":659,"date":"2025-12-08T20:00:38","date_gmt":"2025-12-08T20:00:38","guid":{"rendered":"https:\/\/medv-design.org\/product\/progold-isolatiespray\/"},"modified":"2026-02-07T15:49:10","modified_gmt":"2026-02-07T15:49:10","slug":"progold-isolatiespray","status":"publish","type":"product","link":"https:\/\/medv-design.org\/fr\/produit\/progold-isolatiespray\/","title":{"rendered":"Progold Insulation spray"},"content":{"rendered":"<p><strong><span style=\"font-size: 20px;\">Description<\/span><\/strong><\/p>\n<p>Rev\u00eatement blanc mat \u00e0 s\u00e9chage rapide et isolant pour usage int\u00e9rieur \u00e0 base de r\u00e9sine acrylique en a\u00e9rosol.<\/p>\n<p><strong><span style=\"font-size: 20px;\">But de l'utilisation<\/span><\/strong><\/p>\n<p>Surfaces isolantes localement contamin\u00e9es par des contaminants sensibles \u00e0 la p\u00e9n\u00e9tration, tels que des d\u00e9p\u00f4ts de nicotine, de la suie, du goudron, de la rouille, des graffitis et des taches humides. Applicable aux murs et plafonds en b\u00e9ton, pl\u00e2tre et plaques de pl\u00e2tre. Cela s\u2019applique aussi aux peintures murales existantes.<\/p>\n<p><span style=\"font-size: 20px;\"><strong>Principales caract\u00e9ristiques<\/strong><\/span><\/p>\n<ul>\n<li>Bonne isolation contre la nicotine tenace, la suie, le goudron et les taches de rouille, les taches d\u2019humidit\u00e9, les graffitis et de nombreux colorants.<\/li>\n<li>S\u00e9chage rapide.<\/li>\n<li>On peut repeindre avec des peintures murales int\u00e9rieures.<\/li>\n<\/ul>","protected":false},"excerpt":{"rendered":"<p>Omschrijving Sneldrogende, isolerende matwitte coating voor binnen op basis van acrylaathars in een aerosol. Gebruiksdoel Het isoleren van ondergronden die plaatselijk vervuild zijn met doorslaggevoelige verontreinigingen, zoals nicotineaanslag, roet, teer, roest-, graffiti- en vochtplekken. Toepasbaar op onder andere wanden en plafonds van beton, pleisterwerk en gipskartonplaat. Tevens toepasbaar op bestaande muurverven. Voornaamste kenmerken Goede isolering [&hellip;]<\/p>\n","protected":false},"featured_media":882,"comment_status":"open","ping_status":"closed","template":"","meta":[],"product_brand":[88],"product_cat":[769,107,19,44],"product_tag":[],"class_list":{"0":"post-659","1":"product","2":"type-product","3":"status-publish","4":"has-post-thumbnail","6":"product_brand-progold","7":"product_cat-769","8":"product_cat-schildersbenodigdheden-overige-producten","9":"product_cat-schildersbenodigdheden","10":"product_cat-vlek-isolerende-verf","11":"pa_merk-progold","12":"pa_upc-636","14":"first","15":"instock","16":"shipping-taxable","17":"purchasable","18":"product-type-simple"},"_links":{"self":[{"href":"https:\/\/medv-design.org\/fr\/wp-json\/wp\/v2\/product\/659","targetHints":{"allow":["GET"]}}],"collection":[{"href":"https:\/\/medv-design.org\/fr\/wp-json\/wp\/v2\/product"}],"about":[{"href":"https:\/\/medv-design.org\/fr\/wp-json\/wp\/v2\/types\/product"}],"replies":[{"embeddable":true,"href":"https:\/\/medv-design.org\/fr\/wp-json\/wp\/v2\/comments?post=659"}],"wp:featuredmedia":[{"embeddable":true,"href":"https:\/\/medv-design.org\/fr\/wp-json\/wp\/v2\/media\/882"}],"wp:attachment":[{"href":"https:\/\/medv-design.org\/fr\/wp-json\/wp\/v2\/media?parent=659"}],"wp:term":[{"taxonomy":"product_brand","embeddable":true,"href":"https:\/\/medv-design.org\/fr\/wp-json\/wp\/v2\/product_brand?post=659"},{"taxonomy":"product_cat","embeddable":true,"href":"https:\/\/medv-design.org\/fr\/wp-json\/wp\/v2\/product_cat?post=659"},{"taxonomy":"product_tag","embeddable":true,"href":"https:\/\/medv-design.org\/fr\/wp-json\/wp\/v2\/product_tag?post=659"}],"curies":[{"name":"wp","href":"https:\/\/api.w.org\/{rel}","templated":true}]}}