{"id":658,"date":"2025-12-08T20:00:35","date_gmt":"2025-12-08T20:00:35","guid":{"rendered":"https:\/\/medv-design.org\/product\/progold-inzetfolie-voor-verfemmer-set-5-st\/"},"modified":"2026-02-07T15:49:13","modified_gmt":"2026-02-07T15:49:13","slug":"progold-inzetfolie-voor-verfemmer-set-5-st","status":"publish","type":"product","link":"https:\/\/medv-design.org\/fr\/produit\/progold-inzetfolie-voor-verfemmer-set-5-st\/","title":{"rendered":"Progold liner for paint bucket set 5 pcs."},"content":{"rendered":"<p><span style=\"font-size: 20px;\"><strong>Description<\/strong><\/span><\/p>\n<p>Le film d\u2019insertion ProGold avec le seau \u00e0 peinture ProGold est une solution unique pour travailler efficacement et r\u00e9duit la quantit\u00e9 de d\u00e9chets.     <\/p>\n<ul>\n<li>Le seau \u00e0 peinture peut \u00eatre utilis\u00e9 fr\u00e9quemment avec le papier aluminium insert<\/li>\n<li>Nettoyage rapide, pas besoin de rincer<\/li>\n<li>Quantit\u00e9 limit\u00e9e de d\u00e9chets<\/li>\n<li>Pas de peinture s\u00e8che dans le seau<\/li>\n<li>Pour les seaux \u00e0 peinture de 8 et 12 L<\/li>\n<\/ul>","protected":false},"excerpt":{"rendered":"<p>Description Le papier aluminium encastr\u00e9 ProGold combin\u00e9 au seau de peinture ProGold est une solution unique pour travailler efficacement et r\u00e9duire la quantit\u00e9 de d\u00e9chets. Utilisation du papier aluminium insert Le seau \u00e0 peinture peut \u00eatre utilis\u00e9 fr\u00e9quemment Nettoyage rapide, rin\u00e7age n\u2019est pas n\u00e9cessaire Quantit\u00e9 limit\u00e9e de d\u00e9chets Pas de peinture s\u00e8che dans le seau Pour les seaux de 8 et 12 L<\/p>","protected":false},"featured_media":881,"comment_status":"open","ping_status":"closed","template":"","meta":[],"product_brand":[88],"product_cat":[19,101],"product_tag":[],"class_list":{"0":"post-658","1":"product","2":"type-product","3":"status-publish","4":"has-post-thumbnail","6":"product_brand-progold","7":"product_cat-schildersbenodigdheden","8":"product_cat-schildersbenodigdheden-verfbakjes-en-emmers","9":"pa_formaat-12-l","10":"pa_formaat-8-l","11":"pa_merk-progold","12":"pa_upc-645","14":"first","15":"instock","16":"shipping-taxable","17":"purchasable","18":"product-type-variable"},"_links":{"self":[{"href":"https:\/\/medv-design.org\/fr\/wp-json\/wp\/v2\/product\/658","targetHints":{"allow":["GET"]}}],"collection":[{"href":"https:\/\/medv-design.org\/fr\/wp-json\/wp\/v2\/product"}],"about":[{"href":"https:\/\/medv-design.org\/fr\/wp-json\/wp\/v2\/types\/product"}],"replies":[{"embeddable":true,"href":"https:\/\/medv-design.org\/fr\/wp-json\/wp\/v2\/comments?post=658"}],"wp:featuredmedia":[{"embeddable":true,"href":"https:\/\/medv-design.org\/fr\/wp-json\/wp\/v2\/media\/881"}],"wp:attachment":[{"href":"https:\/\/medv-design.org\/fr\/wp-json\/wp\/v2\/media?parent=658"}],"wp:term":[{"taxonomy":"product_brand","embeddable":true,"href":"https:\/\/medv-design.org\/fr\/wp-json\/wp\/v2\/product_brand?post=658"},{"taxonomy":"product_cat","embeddable":true,"href":"https:\/\/medv-design.org\/fr\/wp-json\/wp\/v2\/product_cat?post=658"},{"taxonomy":"product_tag","embeddable":true,"href":"https:\/\/medv-design.org\/fr\/wp-json\/wp\/v2\/product_tag?post=658"}],"curies":[{"name":"wp","href":"https:\/\/api.w.org\/{rel}","templated":true}]}}