{"id":656,"date":"2025-12-08T20:00:35","date_gmt":"2025-12-08T20:00:35","guid":{"rendered":"https:\/\/medv-design.org\/product\/progold-hoekverfroller\/"},"modified":"2026-02-07T15:49:18","modified_gmt":"2026-02-07T15:49:18","slug":"progold-hoekverfroller","status":"publish","type":"product","link":"https:\/\/medv-design.org\/fr\/produit\/progold-hoekverfroller\/","title":{"rendered":"Rouleau de peinture d'angle Progold"},"content":{"rendered":"<h3>Principales caract\u00e9ristiques<\/h3>\n<ul>\n<li>Rouleau de peinture complet<\/li>\n<li>Pour les coins roul\u00e9s<\/li>\n<li>Convient \u00e0 toutes les peintures murales<\/li>\n<li>Taille 7 cm<\/li>\n<\/ul>","protected":false},"excerpt":{"rendered":"<p>Caract\u00e9ristiques principales Rouleau \u00e0 peinture complet Pour les coins roulants Adapt\u00e9 \u00e0 toutes les peintures murales Taille 7 cm<\/p>","protected":false},"featured_media":932,"comment_status":"open","ping_status":"closed","template":"","meta":[],"product_brand":[88],"product_cat":[19,97],"product_tag":[],"class_list":{"0":"post-656","1":"product","2":"type-product","3":"status-publish","4":"has-post-thumbnail","6":"product_brand-progold","7":"product_cat-schildersbenodigdheden","8":"product_cat-schildersbenodigdheden-verfrollen-en-beugels","9":"pa_basis-waterbasis","10":"pa_breedte-7cm","11":"pa_merk-progold","12":"pa_ondergrond-licht-gestructureerd","13":"pa_type-roller-muurverfroller","14":"pa_upc-626","15":"pa_vachtlengte-10mm","16":"pa_vachtsoort-polyester","18":"first","19":"instock","20":"shipping-taxable","21":"product-type-variable"},"_links":{"self":[{"href":"https:\/\/medv-design.org\/fr\/wp-json\/wp\/v2\/product\/656","targetHints":{"allow":["GET"]}}],"collection":[{"href":"https:\/\/medv-design.org\/fr\/wp-json\/wp\/v2\/product"}],"about":[{"href":"https:\/\/medv-design.org\/fr\/wp-json\/wp\/v2\/types\/product"}],"replies":[{"embeddable":true,"href":"https:\/\/medv-design.org\/fr\/wp-json\/wp\/v2\/comments?post=656"}],"wp:featuredmedia":[{"embeddable":true,"href":"https:\/\/medv-design.org\/fr\/wp-json\/wp\/v2\/media\/932"}],"wp:attachment":[{"href":"https:\/\/medv-design.org\/fr\/wp-json\/wp\/v2\/media?parent=656"}],"wp:term":[{"taxonomy":"product_brand","embeddable":true,"href":"https:\/\/medv-design.org\/fr\/wp-json\/wp\/v2\/product_brand?post=656"},{"taxonomy":"product_cat","embeddable":true,"href":"https:\/\/medv-design.org\/fr\/wp-json\/wp\/v2\/product_cat?post=656"},{"taxonomy":"product_tag","embeddable":true,"href":"https:\/\/medv-design.org\/fr\/wp-json\/wp\/v2\/product_tag?post=656"}],"curies":[{"name":"wp","href":"https:\/\/api.w.org\/{rel}","templated":true}]}}