{"id":655,"date":"2025-12-08T20:00:35","date_gmt":"2025-12-08T20:00:35","guid":{"rendered":"https:\/\/medv-design.org\/product\/progold-handschoen-nylon-pu-gecoat\/"},"modified":"2026-02-07T15:49:21","modified_gmt":"2026-02-07T15:49:21","slug":"progold-handschoen-nylon-pu-gecoat","status":"publish","type":"product","link":"https:\/\/medv-design.org\/fr\/produit\/progold-handschoen-nylon-pu-gecoat\/","title":{"rendered":"Gant Progold enduit de nylon Pu"},"content":{"rendered":"<h3>Description<\/h3>\n<p>Gant de travail en nylon sans couture offrant un grand confort de port.<\/p>\n<h3>Principales caract\u00e9ristiques<\/h3>\n<ul>\n<li>Gant de travail en nylon<\/li>\n<li>Dos non rev\u00eatu avec ventilation<\/li>\n<li>Bonne dext\u00e9rit\u00e9<\/li>\n<\/ul>","protected":false},"excerpt":{"rendered":"<p>Description : Gant de travail en nylon sans couture avec un confort de grande tenue. Caract\u00e9ristiques principales Gant de travail en nylon Dos non rev\u00eatu avec effet de ventilation Bonne sensibilit\u00e9 des doigts<\/p>","protected":false},"featured_media":830,"comment_status":"open","ping_status":"closed","template":"","meta":[],"product_brand":[88],"product_cat":[107,19],"product_tag":[],"class_list":{"0":"post-655","1":"product","2":"type-product","3":"status-publish","4":"has-post-thumbnail","6":"product_brand-progold","7":"product_cat-schildersbenodigdheden-overige-producten","8":"product_cat-schildersbenodigdheden","9":"pa_formaat-l","10":"pa_formaat-xl","11":"pa_merk-progold","13":"first","14":"instock","15":"shipping-taxable","16":"purchasable","17":"product-type-variable"},"_links":{"self":[{"href":"https:\/\/medv-design.org\/fr\/wp-json\/wp\/v2\/product\/655","targetHints":{"allow":["GET"]}}],"collection":[{"href":"https:\/\/medv-design.org\/fr\/wp-json\/wp\/v2\/product"}],"about":[{"href":"https:\/\/medv-design.org\/fr\/wp-json\/wp\/v2\/types\/product"}],"replies":[{"embeddable":true,"href":"https:\/\/medv-design.org\/fr\/wp-json\/wp\/v2\/comments?post=655"}],"wp:featuredmedia":[{"embeddable":true,"href":"https:\/\/medv-design.org\/fr\/wp-json\/wp\/v2\/media\/830"}],"wp:attachment":[{"href":"https:\/\/medv-design.org\/fr\/wp-json\/wp\/v2\/media?parent=655"}],"wp:term":[{"taxonomy":"product_brand","embeddable":true,"href":"https:\/\/medv-design.org\/fr\/wp-json\/wp\/v2\/product_brand?post=655"},{"taxonomy":"product_cat","embeddable":true,"href":"https:\/\/medv-design.org\/fr\/wp-json\/wp\/v2\/product_cat?post=655"},{"taxonomy":"product_tag","embeddable":true,"href":"https:\/\/medv-design.org\/fr\/wp-json\/wp\/v2\/product_tag?post=655"}],"curies":[{"name":"wp","href":"https:\/\/api.w.org\/{rel}","templated":true}]}}