{"id":654,"date":"2025-12-08T20:00:34","date_gmt":"2025-12-08T20:00:34","guid":{"rendered":"https:\/\/medv-design.org\/product\/progold-handreiniger\/"},"modified":"2026-02-07T15:49:23","modified_gmt":"2026-02-07T15:49:23","slug":"progold-handreiniger","status":"publish","type":"product","link":"https:\/\/medv-design.org\/fr\/produit\/progold-handreiniger\/","title":{"rendered":"Gel hydroalcoolique ProGold"},"content":{"rendered":"<p><span style=\"font-size: 20px;\"><strong>Description<\/strong><\/span><\/p>\n<div>     Nettoyant pour les mains de haute qualit\u00e9 \u00e0 base d\u2019extraits de D-Limon\u00e8ne et d\u2019Aloe Vera.     Aloe vera. <\/div>\n<div>\n<ul>\n<li>Extraits de jojoba.<\/li>\n<li>Enl\u00e8ve les salet\u00e9s extr\u00eamement \u00e9paisses telles que la peinture, le vernis, l\u2019encre, la graisse, la colle et le bitume.<\/li>\n<\/ul><\/div>","protected":false},"excerpt":{"rendered":"<p>Omschrijving Hoogwaardige handreiniger op basis D- Limoneen, Aloe Vera extracten. Aloe vera. Jojoba extracten. Verwijdert extreem zware vervuilingen zoals verf, lak, inkt, vet lijm en bitumen.<\/p>","protected":false},"featured_media":891,"comment_status":"open","ping_status":"closed","template":"","meta":[],"product_brand":[88],"product_cat":[100,19],"product_tag":[],"class_list":{"0":"post-654","1":"product","2":"type-product","3":"status-publish","4":"has-post-thumbnail","6":"product_brand-progold","7":"product_cat-schildersbenodigdheden-reiniging-en-verdunning","8":"product_cat-schildersbenodigdheden","9":"pa_merk-progold","11":"first","12":"instock","13":"shipping-taxable","14":"purchasable","15":"product-type-simple"},"_links":{"self":[{"href":"https:\/\/medv-design.org\/fr\/wp-json\/wp\/v2\/product\/654","targetHints":{"allow":["GET"]}}],"collection":[{"href":"https:\/\/medv-design.org\/fr\/wp-json\/wp\/v2\/product"}],"about":[{"href":"https:\/\/medv-design.org\/fr\/wp-json\/wp\/v2\/types\/product"}],"replies":[{"embeddable":true,"href":"https:\/\/medv-design.org\/fr\/wp-json\/wp\/v2\/comments?post=654"}],"wp:featuredmedia":[{"embeddable":true,"href":"https:\/\/medv-design.org\/fr\/wp-json\/wp\/v2\/media\/891"}],"wp:attachment":[{"href":"https:\/\/medv-design.org\/fr\/wp-json\/wp\/v2\/media?parent=654"}],"wp:term":[{"taxonomy":"product_brand","embeddable":true,"href":"https:\/\/medv-design.org\/fr\/wp-json\/wp\/v2\/product_brand?post=654"},{"taxonomy":"product_cat","embeddable":true,"href":"https:\/\/medv-design.org\/fr\/wp-json\/wp\/v2\/product_cat?post=654"},{"taxonomy":"product_tag","embeddable":true,"href":"https:\/\/medv-design.org\/fr\/wp-json\/wp\/v2\/product_tag?post=654"}],"curies":[{"name":"wp","href":"https:\/\/api.w.org\/{rel}","templated":true}]}}