{"id":653,"date":"2025-12-08T20:00:34","date_gmt":"2025-12-08T20:00:34","guid":{"rendered":"https:\/\/medv-design.org\/product\/progold-handpad\/"},"modified":"2026-02-07T15:49:26","modified_gmt":"2026-02-07T15:49:26","slug":"progold-handpad","status":"publish","type":"product","link":"https:\/\/medv-design.org\/fr\/produit\/progold-handpad\/","title":{"rendered":"Handpad Progold"},"content":{"rendered":"<h3>Description<\/h3>\n<p>Plateau de pon\u00e7age en mousse souple avec des grains en carbure de silicium, id\u00e9al pour les surfaces profil\u00e9es et arrondies. Dimensions 97 x 120 x 12 mm (l x l x h).<\/p>\n<h3>Principales caract\u00e9ristiques<\/h3>\n<ul>\n<li>Id\u00e9al pour les surfaces profil\u00e9es et rondes gr\u00e2ce \u00e0 la mousse souple<\/li>\n<li>Mousse souple avec grain de carbure de silicium<\/li>\n<li>Peut \u00eatre utilis\u00e9 \u00e0 sec ou mouill\u00e9<\/li>\n<li>Granulom\u00e9trie fine et super fine<\/li>\n<\/ul>","protected":false},"excerpt":{"rendered":"<p>Description Plateau de pon\u00e7age en mousse molle avec un grain en carbure de silicium, id\u00e9al pour les surfaces profil\u00e9es et rondes. Sombre. 97 x 120 x 12 mm (Largeur x Largeur x \u00c2). Caract\u00e9ristiques principales Id\u00e9al pour les surfaces profil\u00e9es et rondes gr\u00e2ce \u00e0 la mousse souple Mousse douce avec grain de carbure de silicium Peut \u00eatre utilis\u00e9e \u00e0 sec et humide Tailles de grains fins et tr\u00e8s fins<\/p>","protected":false},"featured_media":829,"comment_status":"open","ping_status":"closed","template":"","meta":[],"product_brand":[88],"product_cat":[19,110],"product_tag":[],"class_list":{"0":"post-653","1":"product","2":"type-product","3":"status-publish","4":"has-post-thumbnail","6":"product_brand-progold","7":"product_cat-schildersbenodigdheden","8":"product_cat-schildersbenodigdheden-schuurmateriaal","9":"pa_korrelgrootte-fine","10":"pa_korrelgrootte-superfine","11":"pa_merk-progold","13":"first","14":"instock","15":"shipping-taxable","16":"purchasable","17":"product-type-variable"},"_links":{"self":[{"href":"https:\/\/medv-design.org\/fr\/wp-json\/wp\/v2\/product\/653","targetHints":{"allow":["GET"]}}],"collection":[{"href":"https:\/\/medv-design.org\/fr\/wp-json\/wp\/v2\/product"}],"about":[{"href":"https:\/\/medv-design.org\/fr\/wp-json\/wp\/v2\/types\/product"}],"replies":[{"embeddable":true,"href":"https:\/\/medv-design.org\/fr\/wp-json\/wp\/v2\/comments?post=653"}],"wp:featuredmedia":[{"embeddable":true,"href":"https:\/\/medv-design.org\/fr\/wp-json\/wp\/v2\/media\/829"}],"wp:attachment":[{"href":"https:\/\/medv-design.org\/fr\/wp-json\/wp\/v2\/media?parent=653"}],"wp:term":[{"taxonomy":"product_brand","embeddable":true,"href":"https:\/\/medv-design.org\/fr\/wp-json\/wp\/v2\/product_brand?post=653"},{"taxonomy":"product_cat","embeddable":true,"href":"https:\/\/medv-design.org\/fr\/wp-json\/wp\/v2\/product_cat?post=653"},{"taxonomy":"product_tag","embeddable":true,"href":"https:\/\/medv-design.org\/fr\/wp-json\/wp\/v2\/product_tag?post=653"}],"curies":[{"name":"wp","href":"https:\/\/api.w.org\/{rel}","templated":true}]}}