{"id":652,"date":"2025-12-08T20:00:34","date_gmt":"2025-12-08T20:00:34","guid":{"rendered":"https:\/\/medv-design.org\/product\/progold-glasweefsellijm-transparant-2000\/"},"modified":"2026-02-07T15:49:29","modified_gmt":"2026-02-07T15:49:29","slug":"progold-glasweefsellijm-transparant-2000","status":"publish","type":"product","link":"https:\/\/medv-design.org\/fr\/produit\/progold-glasweefsellijm-transparant-2000\/","title":{"rendered":"ProGold Colle tissu pour tissus transparente 2000"},"content":{"rendered":"<h1><span style=\"font-size: 20px;\">Description<\/span><\/h1>\n<div>     Adh\u00e9sif transparent de haute qualit\u00e9 \u00e0 base d\u2019eau, destin\u00e9 \u00e0 l\u2019int\u00e9rieur \u00e0 base d\u2019ac\u00e9tate de polyvinyle.     <\/div>\n<div>\n<ul>\n<li>Super puissance d\u2019adh\u00e9sif.<\/li>\n<li>Facile \u00e0 assimiler.<\/li>\n<li>R\u00e9gulateur de l\u2019humidit\u00e9.<\/li>\n<li>Insaponifiable.<\/li>\n<\/ul><\/div>","protected":false},"excerpt":{"rendered":"<p>Description Adh\u00e9sif transparent de haute qualit\u00e9 \u00e0 base d\u2019eau, destin\u00e9 \u00e0 l\u2019int\u00e9rieur \u00e0 base d\u2019ac\u00e9tate de polyvinyle. Super puissance d\u2019adh\u00e9sif. Facile \u00e0 assimiler. R\u00e9gulateur de l\u2019humidit\u00e9. Insaponifiable.<\/p>","protected":false},"featured_media":981,"comment_status":"open","ping_status":"closed","template":"","meta":[],"product_brand":[88],"product_cat":[105,19,112],"product_tag":[],"class_list":{"0":"post-652","1":"product","2":"type-product","3":"status-publish","4":"has-post-thumbnail","6":"product_brand-progold","7":"product_cat-schildersbenodigdheden-kitten-lijmen","8":"product_cat-schildersbenodigdheden","9":"product_cat-schildersbenodigdheden-lijm","10":"pa_binnen-buiten-binnen","11":"pa_inhoud-10-kg","12":"pa_merk-progold","13":"pa_overschilderbaar-ja","14":"pa_toepassing-lijmen-monteren","15":"pa_toepassing-lijmen-en-monteren","16":"pa_type-product-lijm","17":"pa_upc-592","19":"first","20":"instock","21":"shipping-taxable","22":"product-type-variable"},"_links":{"self":[{"href":"https:\/\/medv-design.org\/fr\/wp-json\/wp\/v2\/product\/652","targetHints":{"allow":["GET"]}}],"collection":[{"href":"https:\/\/medv-design.org\/fr\/wp-json\/wp\/v2\/product"}],"about":[{"href":"https:\/\/medv-design.org\/fr\/wp-json\/wp\/v2\/types\/product"}],"replies":[{"embeddable":true,"href":"https:\/\/medv-design.org\/fr\/wp-json\/wp\/v2\/comments?post=652"}],"wp:featuredmedia":[{"embeddable":true,"href":"https:\/\/medv-design.org\/fr\/wp-json\/wp\/v2\/media\/981"}],"wp:attachment":[{"href":"https:\/\/medv-design.org\/fr\/wp-json\/wp\/v2\/media?parent=652"}],"wp:term":[{"taxonomy":"product_brand","embeddable":true,"href":"https:\/\/medv-design.org\/fr\/wp-json\/wp\/v2\/product_brand?post=652"},{"taxonomy":"product_cat","embeddable":true,"href":"https:\/\/medv-design.org\/fr\/wp-json\/wp\/v2\/product_cat?post=652"},{"taxonomy":"product_tag","embeddable":true,"href":"https:\/\/medv-design.org\/fr\/wp-json\/wp\/v2\/product_tag?post=652"}],"curies":[{"name":"wp","href":"https:\/\/api.w.org\/{rel}","templated":true}]}}