{"id":650,"date":"2025-12-08T20:00:34","date_gmt":"2025-12-08T20:00:34","guid":{"rendered":"https:\/\/medv-design.org\/product\/progold-glasreiniger-5-cm-5-mesjes\/"},"modified":"2026-02-07T15:49:34","modified_gmt":"2026-02-07T15:49:34","slug":"progold-glasreiniger-5-cm-5-mesjes","status":"publish","type":"product","link":"https:\/\/medv-design.org\/fr\/produit\/progold-glasreiniger-5-cm-5-mesjes\/","title":{"rendered":"ProGold Glass Cleaner 5 cm + 5 lames"},"content":{"rendered":"<h1><span style=\"font-size: 20px;\">Description<\/span><\/h1>\n<div>     Pour nettoyer les fen\u00eatres ou enlever les r\u00e9sidus de mastic, de masticage ou de peinture     <\/div>\n<div>\n<ul>\n<li>Version aluminium<\/li>\n<li>Pour la suppression par exemple de \u00c9claboussures de peinture sur le verre<\/li>\n<li>Comprend 5 lames de rechange<\/li>\n<\/ul><\/div>","protected":false},"excerpt":{"rendered":"<p>Description Pour nettoyer les fen\u00eatres ou enlever les r\u00e9sidus de scellant, de mastic ou de peinture Version aluminium Pour enlever par exemple \u00c9claboussures de peinture sur le verre Incluent 5 lames de rechange<\/p>","protected":false},"featured_media":904,"comment_status":"open","ping_status":"closed","template":"","meta":[],"product_brand":[88],"product_cat":[19,113],"product_tag":[],"class_list":{"0":"post-650","1":"product","2":"type-product","3":"status-publish","4":"has-post-thumbnail","6":"product_brand-progold","7":"product_cat-schildersbenodigdheden","8":"product_cat-schildersbenodigdheden-steekmessen-en-verfkrabbers","9":"pa_merk-progold","10":"pa_upc-592","12":"first","13":"instock","14":"shipping-taxable","15":"purchasable","16":"product-type-simple"},"_links":{"self":[{"href":"https:\/\/medv-design.org\/fr\/wp-json\/wp\/v2\/product\/650","targetHints":{"allow":["GET"]}}],"collection":[{"href":"https:\/\/medv-design.org\/fr\/wp-json\/wp\/v2\/product"}],"about":[{"href":"https:\/\/medv-design.org\/fr\/wp-json\/wp\/v2\/types\/product"}],"replies":[{"embeddable":true,"href":"https:\/\/medv-design.org\/fr\/wp-json\/wp\/v2\/comments?post=650"}],"wp:featuredmedia":[{"embeddable":true,"href":"https:\/\/medv-design.org\/fr\/wp-json\/wp\/v2\/media\/904"}],"wp:attachment":[{"href":"https:\/\/medv-design.org\/fr\/wp-json\/wp\/v2\/media?parent=650"}],"wp:term":[{"taxonomy":"product_brand","embeddable":true,"href":"https:\/\/medv-design.org\/fr\/wp-json\/wp\/v2\/product_brand?post=650"},{"taxonomy":"product_cat","embeddable":true,"href":"https:\/\/medv-design.org\/fr\/wp-json\/wp\/v2\/product_cat?post=650"},{"taxonomy":"product_tag","embeddable":true,"href":"https:\/\/medv-design.org\/fr\/wp-json\/wp\/v2\/product_tag?post=650"}],"curies":[{"name":"wp","href":"https:\/\/api.w.org\/{rel}","templated":true}]}}