{"id":648,"date":"2025-12-08T20:00:34","date_gmt":"2025-12-08T20:00:34","guid":{"rendered":"https:\/\/medv-design.org\/product\/progold-fixoseal\/"},"modified":"2026-02-07T15:49:39","modified_gmt":"2026-02-07T15:49:39","slug":"progold-fixoseal","status":"publish","type":"product","link":"https:\/\/medv-design.org\/fr\/produit\/progold-fixoseal\/","title":{"rendered":"Progold Fixoseal"},"content":{"rendered":"<p><span style=\"font-size: 20px;\"><strong>Description<br \/><\/strong><\/span><br \/>Un mastic universel de haute qualit\u00e9 et des adh\u00e9sifs de construction ou d\u2019assemblage pour un usage ext\u00e9rieur et int\u00e9rieur, bas\u00e9s sur une technologie hybride, qui durcissent sous l\u2019effet de l\u2019humidit\u00e9 pour former un caoutchouc \u00e9lastique durable.<\/p>\n<p><span style=\"font-size: 20px;\"><strong>But de l'utilisation<\/strong><\/span><\/p>\n<ul>\n<li>Sceller toutes les connexions, joints, fissures et fissures de la construction.<\/li>\n<li>Adapt\u00e9 aux joints de dilatation \u00e0 charge m\u00e9canique.<\/li>\n<li>Kit adh\u00e9sif de construction pour m\u00e9tal, b\u00e9ton, plastique et bois.<\/li>\n<li>Pas adapt\u00e9 aux joints scellants en verre.<\/li>\n<li>Pas adapt\u00e9 en combinaison avec le chlore (piscines).<\/li>\n<\/ul>\n<p><span style=\"font-size: 20px;\"><strong>Principales caract\u00e9ristiques<\/strong><\/span><\/p>\n<ul>\n<li>Durable, \u00e9lastique en permanence.<\/li>\n<li>Collage, montage et \u00e9tanch\u00e9it\u00e9 universels.<\/li>\n<li>Excellente adh\u00e9rence sans appr\u00eat sur la plupart des substrats.<\/li>\n<li>Durcissement rapide.<\/li>\n<li>Sans plastifiant, il ne cause pas de contamination des zones de contournement ni de tache sur la pierre naturelle.<\/li>\n<li>Isocyanate, sans solvant ni silicone.<\/li>\n<li>Bonne r\u00e9sistance aux UV, aux intemp\u00e9ries et \u00e0 l\u2019humidit\u00e9.<\/li>\n<li>Pas adapt\u00e9 \u00e0 la charge continue d\u2019eau.<\/li>\n<li>Durcissement neutre, pratiquement inodore.<\/li>\n<li>Non corrosif pour les m\u00e9taux.<\/li>\n<\/ul>","protected":false},"excerpt":{"rendered":"<p>OmschrijvingHoogwaardige, universele afdichtingskit en constructie- of montagelijm voor buiten en binnen op basis van hybride technologie, die onder invloed van luchtvochtigheid uithardt tot een duurzaam elastisch blijvend rubber. Gebruiksdoel Afdichten van alle aansluitingen, naden, kieren en scheuren in de bouw. Geschikt voor mechanisch belaste dilatatievoegen. Constructie lijmkit voor metaal, beton, kunststof en hout. Niet geschikt [&hellip;]<\/p>\n","protected":false},"featured_media":828,"comment_status":"open","ping_status":"closed","template":"","meta":[],"product_brand":[88],"product_cat":[763,764,105,94,112],"product_tag":[],"class_list":{"0":"post-648","1":"product","2":"type-product","3":"status-publish","4":"has-post-thumbnail","6":"product_brand-progold","7":"product_cat-763","8":"product_cat-764","9":"product_cat-schildersbenodigdheden-kitten-lijmen","10":"product_cat-schildersbenodigdheden-plamuur-vulmiddelen","11":"product_cat-schildersbenodigdheden-lijm","12":"pa_binnen-buiten-binnen","13":"pa_inhoud-310-ml","14":"pa_merk-progold","15":"pa_overschilderbaar-ja","16":"pa_toepassing-afdichten","17":"pa_toepassing-lijmen-monteren","18":"pa_toepassing-vullen-repareren","19":"pa_type-product-kit-lijm","20":"pa_upc-641","22":"first","23":"instock","24":"shipping-taxable","25":"product-type-variable"},"_links":{"self":[{"href":"https:\/\/medv-design.org\/fr\/wp-json\/wp\/v2\/product\/648","targetHints":{"allow":["GET"]}}],"collection":[{"href":"https:\/\/medv-design.org\/fr\/wp-json\/wp\/v2\/product"}],"about":[{"href":"https:\/\/medv-design.org\/fr\/wp-json\/wp\/v2\/types\/product"}],"replies":[{"embeddable":true,"href":"https:\/\/medv-design.org\/fr\/wp-json\/wp\/v2\/comments?post=648"}],"wp:featuredmedia":[{"embeddable":true,"href":"https:\/\/medv-design.org\/fr\/wp-json\/wp\/v2\/media\/828"}],"wp:attachment":[{"href":"https:\/\/medv-design.org\/fr\/wp-json\/wp\/v2\/media?parent=648"}],"wp:term":[{"taxonomy":"product_brand","embeddable":true,"href":"https:\/\/medv-design.org\/fr\/wp-json\/wp\/v2\/product_brand?post=648"},{"taxonomy":"product_cat","embeddable":true,"href":"https:\/\/medv-design.org\/fr\/wp-json\/wp\/v2\/product_cat?post=648"},{"taxonomy":"product_tag","embeddable":true,"href":"https:\/\/medv-design.org\/fr\/wp-json\/wp\/v2\/product_tag?post=648"}],"curies":[{"name":"wp","href":"https:\/\/api.w.org\/{rel}","templated":true}]}}